{"id":100,"date":"2025-11-28T07:20:44","date_gmt":"2025-11-28T07:20:44","guid":{"rendered":"http:\/\/www.aegois.com\/site\/?page_id=100"},"modified":"2025-12-06T19:23:53","modified_gmt":"2025-12-06T19:23:53","slug":"provas-de-afericao","status":"publish","type":"page","link":"https:\/\/www.aegois.com\/site\/provas-de-afericao\/","title":{"rendered":"Provas de Monitoriza\u00e7\u00e3o da Aprendizagem (ModA) &#8211; 4\u00ba e 6\u00ba Anos &#8211; 2025-2026"},"content":{"rendered":"<p><strong>INFORMA\u00c7\u00d5ES-PROVA<\/strong><\/p>\n<p><strong>Informa\u00e7\u00f5es-Prova &#8211; Provas ModA<\/strong><\/p>\n<p>Pode consultar em:<\/p>\n<p><strong><a href=\"https:\/\/iave.pt\/wp-content\/uploads\/2025\/12\/IP-Geral-2026_29nov.pdf\">https:\/\/iave.pt\/wp-content\/uploads\/2025\/12\/IP-Geral-2026_29nov.pdf<\/a><\/strong><\/p>\n<p>&nbsp;<\/p>\n<p><strong>CALEND\u00c1RIO DAS PROVAS &#8211; MAIO E JUNHO DE 2025<\/strong><\/p>\n<p><strong><a href=\"https:\/\/www.aegois.com\/site\/wp-content\/uploads\/2025\/04\/Provas-ModA-4-e-6-Anos.pdf\">Provas ModA &#8211; 4\u00ba e 6\u00ba Anos no Agrupamento de Escolas de G\u00f3is<\/a><\/strong><\/p>\n<p>&nbsp;<\/p>\n<p>O mesmo pode ser consultado em:<\/p>\n<blockquote class=\"wp-embedded-content\" data-secret=\"wJJFYi5R2O\"><p><a href=\"https:\/\/iave.pt\/provas-e-exames\/calendario\/\">Calend\u00e1rio<\/a><\/p><\/blockquote>\n<p><iframe loading=\"lazy\" class=\"wp-embedded-content\" sandbox=\"allow-scripts\" security=\"restricted\" style=\"position: absolute; visibility: hidden;\" title=\"&#8220;Calend\u00e1rio&#8221; &#8212; IAVE\" src=\"https:\/\/iave.pt\/provas-e-exames\/calendario\/embed\/#?secret=wJJFYi5R2O\" data-secret=\"wJJFYi5R2O\" width=\"600\" height=\"338\" frameborder=\"0\" marginwidth=\"0\" marginheight=\"0\" scrolling=\"no\"><\/iframe><\/p>\n<p>&nbsp;<\/p>\n<p>&nbsp;<\/p>\n<p>&nbsp;<\/p>\n<p><strong>Provas Ensaio<\/strong><\/p>\n<p>Divulgamos o Guia para a Realiza\u00e7\u00e3o das Provas de Ensaio onde consta a calendariza\u00e7\u00e3o e outras informa\u00e7\u00f5es:<\/p>\n<p><a href=\"https:\/\/www.aegois.com\/site\/wp-content\/uploads\/2025\/02\/561.pdf\"><strong>GUIA para a Realiza\u00e7\u00e3o das Provas de Ensaio<\/strong><\/a><\/p>\n<p><strong><a href=\"https:\/\/www.aegois.com\/site\/wp-content\/uploads\/2025\/02\/Provas-ensaio_Comunicacao-as-escolas_IAVE-1.pdf\">Provas ensaio_Comunica\u00e7\u00e3o \u00e0s escolas_IAVE<\/a><\/strong><\/p>\n","protected":false},"excerpt":{"rendered":"<p>INFORMA\u00c7\u00d5ES-PROVA Informa\u00e7\u00f5es-Prova &#8211; Provas ModA Pode consultar em: https:\/\/iave.pt\/wp-content\/uploads\/2025\/12\/IP-Geral-2026_29nov.pdf &nbsp; CALEND\u00c1RIO DAS PROVAS &#8211; MAIO E JUNHO DE 2025 Provas ModA &#8211; 4\u00ba e 6\u00ba Anos no Agrupamento de Escolas de G\u00f3is &nbsp; O mesmo pode ser consultado em: Calend\u00e1rio&hellip; <\/p>\n","protected":false},"author":2,"featured_media":0,"parent":0,"menu_order":0,"comment_status":"closed","ping_status":"closed","template":"","meta":{"footnotes":""},"class_list":["post-100","page","type-page","status-publish","hentry"],"_links":{"self":[{"href":"https:\/\/www.aegois.com\/site\/wp-json\/wp\/v2\/pages\/100","targetHints":{"allow":["GET"]}}],"collection":[{"href":"https:\/\/www.aegois.com\/site\/wp-json\/wp\/v2\/pages"}],"about":[{"href":"https:\/\/www.aegois.com\/site\/wp-json\/wp\/v2\/types\/page"}],"author":[{"embeddable":true,"href":"https:\/\/www.aegois.com\/site\/wp-json\/wp\/v2\/users\/2"}],"replies":[{"embeddable":true,"href":"https:\/\/www.aegois.com\/site\/wp-json\/wp\/v2\/comments?post=100"}],"version-history":[{"count":52,"href":"https:\/\/www.aegois.com\/site\/wp-json\/wp\/v2\/pages\/100\/revisions"}],"predecessor-version":[{"id":6186,"href":"https:\/\/www.aegois.com\/site\/wp-json\/wp\/v2\/pages\/100\/revisions\/6186"}],"wp:attachment":[{"href":"https:\/\/www.aegois.com\/site\/wp-json\/wp\/v2\/media?parent=100"}],"curies":[{"name":"wp","href":"https:\/\/api.w.org\/{rel}","templated":true}]}}