{"id":1076,"date":"2025-11-15T13:50:33","date_gmt":"2025-11-15T13:50:33","guid":{"rendered":"http:\/\/www.aegois.com\/site\/?page_id=1076"},"modified":"2025-12-06T16:15:49","modified_gmt":"2025-12-06T16:15:49","slug":"clube-de-musicadanca","status":"publish","type":"page","link":"https:\/\/www.aegois.com\/site\/projetos-e-clubes\/clube-de-musicadanca\/","title":{"rendered":"Clube de M\u00fasica e de Teatro"},"content":{"rendered":"<p><img loading=\"lazy\" decoding=\"async\" class=\"alignnone wp-image-6131\" src=\"https:\/\/www.aegois.com\/site\/wp-content\/uploads\/2025\/12\/DSCF7359-300x200.jpg\" alt=\"\" width=\"262\" height=\"175\" srcset=\"https:\/\/www.aegois.com\/site\/wp-content\/uploads\/2025\/12\/DSCF7359-300x200.jpg 300w, https:\/\/www.aegois.com\/site\/wp-content\/uploads\/2025\/12\/DSCF7359-1024x683.jpg 1024w, https:\/\/www.aegois.com\/site\/wp-content\/uploads\/2025\/12\/DSCF7359-768x512.jpg 768w, https:\/\/www.aegois.com\/site\/wp-content\/uploads\/2025\/12\/DSCF7359-1536x1024.jpg 1536w, https:\/\/www.aegois.com\/site\/wp-content\/uploads\/2025\/12\/DSCF7359-2048x1365.jpg 2048w\" sizes=\"auto, (max-width: 262px) 100vw, 262px\" \/>\u00a0 \u00a0 \u00a0\u00a0<img loading=\"lazy\" decoding=\"async\" class=\"alignnone wp-image-6132\" src=\"https:\/\/www.aegois.com\/site\/wp-content\/uploads\/2025\/12\/DSCF7379-300x200.jpg\" alt=\"\" width=\"259\" height=\"172\" srcset=\"https:\/\/www.aegois.com\/site\/wp-content\/uploads\/2025\/12\/DSCF7379-300x200.jpg 300w, https:\/\/www.aegois.com\/site\/wp-content\/uploads\/2025\/12\/DSCF7379-1024x683.jpg 1024w, https:\/\/www.aegois.com\/site\/wp-content\/uploads\/2025\/12\/DSCF7379-768x512.jpg 768w, https:\/\/www.aegois.com\/site\/wp-content\/uploads\/2025\/12\/DSCF7379-1536x1024.jpg 1536w, https:\/\/www.aegois.com\/site\/wp-content\/uploads\/2025\/12\/DSCF7379-2048x1365.jpg 2048w\" sizes=\"auto, (max-width: 259px) 100vw, 259px\" \/><\/p>\n<p style=\"text-align: justify;\"><strong>O Clube de M\u00fasica e de Teatro <\/strong>destina-se aos alunos que o queiram frequentar e prop\u00f5e-se a:<\/p>\n<p>&#8211; Contribuir para o estabelecimento de uma rela\u00e7\u00e3o mais pr\u00f3xima entre a atualidade, a m\u00fasica, o teatro e a Escola;<\/p>\n<p>&#8211; Participar em atividades e eventos desenvolvidos pela escola;<\/p>\n<p>&#8211; Compreender a m\u00fasica e o teatro em rela\u00e7\u00e3o \u00e0 sociedade, \u00e0 hist\u00f3ria e \u00e0 cultura;<\/p>\n<p>&#8211; Compreender as rela\u00e7\u00f5es entre a m\u00fasica, as outras artes e \u00e1reas de conhecimento atendendo \u00e0 perspetiva s\u00f3cio hist\u00f3rica, sociot\u00e9cnica e cultural;<\/p>\n<p>&#8211; Utilizar a m\u00fasica\/ teatro como forma de comunicar ideias, sentimentos e emo\u00e7\u00f5es;<\/p>\n<p>&#8211; Desenvolver a capacidade de an\u00e1lise cr\u00edtica;<\/p>\n<p>&#8211; Criar o gosto pela m\u00fasica e pelo teatro;<\/p>\n<p>&#8211; Utilizar criativamente o corpo como meio de comunica\u00e7\u00e3o para exprimir esteticamente as ideias musicais;<\/p>\n<p>&#8211; Desenvolver o esp\u00edrito de solidariedade, coopera\u00e7\u00e3o e fraternidade.<\/p>\n","protected":false},"excerpt":{"rendered":"<p>\u00a0 \u00a0 \u00a0\u00a0 O Clube de M\u00fasica e de Teatro destina-se aos alunos que o queiram frequentar e prop\u00f5e-se a: &#8211; Contribuir para o estabelecimento de uma rela\u00e7\u00e3o mais pr\u00f3xima entre a atualidade, a m\u00fasica, o teatro e a Escola;&hellip; <\/p>\n","protected":false},"author":2,"featured_media":0,"parent":14,"menu_order":0,"comment_status":"closed","ping_status":"closed","template":"","meta":{"footnotes":""},"class_list":["post-1076","page","type-page","status-publish","hentry"],"_links":{"self":[{"href":"https:\/\/www.aegois.com\/site\/wp-json\/wp\/v2\/pages\/1076","targetHints":{"allow":["GET"]}}],"collection":[{"href":"https:\/\/www.aegois.com\/site\/wp-json\/wp\/v2\/pages"}],"about":[{"href":"https:\/\/www.aegois.com\/site\/wp-json\/wp\/v2\/types\/page"}],"author":[{"embeddable":true,"href":"https:\/\/www.aegois.com\/site\/wp-json\/wp\/v2\/users\/2"}],"replies":[{"embeddable":true,"href":"https:\/\/www.aegois.com\/site\/wp-json\/wp\/v2\/comments?post=1076"}],"version-history":[{"count":18,"href":"https:\/\/www.aegois.com\/site\/wp-json\/wp\/v2\/pages\/1076\/revisions"}],"predecessor-version":[{"id":6134,"href":"https:\/\/www.aegois.com\/site\/wp-json\/wp\/v2\/pages\/1076\/revisions\/6134"}],"up":[{"embeddable":true,"href":"https:\/\/www.aegois.com\/site\/wp-json\/wp\/v2\/pages\/14"}],"wp:attachment":[{"href":"https:\/\/www.aegois.com\/site\/wp-json\/wp\/v2\/media?parent=1076"}],"curies":[{"name":"wp","href":"https:\/\/api.w.org\/{rel}","templated":true}]}}