{"id":1186,"date":"2026-03-03T09:18:45","date_gmt":"2026-03-03T09:18:45","guid":{"rendered":"http:\/\/www.aegois.com\/site\/?page_id=1186"},"modified":"2026-03-03T18:57:10","modified_gmt":"2026-03-03T18:57:10","slug":"clube-de-jornalismo","status":"publish","type":"page","link":"https:\/\/www.aegois.com\/site\/projetos-e-clubes\/clube-de-jornalismo\/","title":{"rendered":"Jornal Escolar"},"content":{"rendered":"<p style=\"text-align: justify;\">O <strong>Jornal Escolar<\/strong> destina-se a toda a Comunidade Educativa e a:<\/p>\n<p style=\"text-align: justify;\">&#8211; Sensibilizar os alunos para uma cidadania respons\u00e1vel;<\/p>\n<p style=\"text-align: justify;\">&#8211; Promover a interliga\u00e7\u00e3o Escola\/Comunidade;<\/p>\n<p style=\"text-align: justify;\">&#8211; Desenvolver nos alunos o gosto pela leitura\/escrita;<\/p>\n<p style=\"text-align: justify;\">&#8211; Desenvolver na comunidade o gosto pela leitura;<\/p>\n<p style=\"text-align: justify;\">&#8211; Divulgar junto da comunidade as atividades desenvolvidas pelo Agrupamento;<\/p>\n<p style=\"text-align: justify;\">&#8211; Envolver os alunos com as novas tecnologias de informa\u00e7\u00e3o;<\/p>\n<p style=\"text-align: justify;\">&#8211; Desenvolver capacidades, tais como o esp\u00edrito cr\u00edtico, a criatividade e outras relativas ao Portugu\u00eas, como por exemplo ouvir\/falar\/ler\/escrever.<\/p>\n<p>&nbsp;<\/p>\n<p><strong><a href=\"https:\/\/passoapassogois.wordpress.com\">Jornal Passo a Passo Online<\/a><\/strong><\/p>\n<p>&nbsp;<\/p>\n<p style=\"text-align: justify;\"><strong><span style=\"color: #cc0000; font-size: large;\"><span style=\"font-family: verdana,arial,helvetica,sans-serif;\"> CENT\u00c9SIMA EDI\u00c7\u00c3O DO SUPLEMENTO DO JORNAL O VARZEENSE &#8211; &#8220;PASSO A PASSO&#8221;, ELABORADO PELO CLUBE DO<\/span><\/span><span style=\"color: #cc0000; font-size: large;\"><span style=\"font-family: verdana,arial,helvetica,sans-serif;\"> JORNAL ESCOLAR DO AGRUPAMENTO DE ESCOLAS DE G\u00d3IS<\/span><\/span><\/strong><\/p>\n<p style=\"text-align: justify;\"><span style=\"font-family: verdana,arial,helvetica,sans-serif; font-size: large;\">Parab\u00e9ns a todos aqueles que t\u00eam colaborado e participado, ao longo do tempo, nesta bel\u00edssima iniciativa, que muito nos honra e que tem passado de gera\u00e7\u00e3o em gera\u00e7\u00e3o.<\/span><\/p>\n<div class=\"text_exposed_show\">\n<p style=\"text-align: justify;\"><span style=\"font-family: verdana,arial,helvetica,sans-serif; font-size: large;\"> Continuamos a contar com o envolvimento de todos para que seja poss\u00edvel a concretiza\u00e7\u00e3o de outras tantas edi\u00e7\u00f5es.<\/span><\/p>\n<p style=\"text-align: justify;\"><span style=\"font-family: verdana,arial,helvetica,sans-serif; font-size: large;\"> Um Bem Haja a todos, em nome do Agrupamento de Escolas de G\u00f3is!<\/span><\/p>\n<p><span style=\"font-family: verdana,arial,helvetica,sans-serif; font-size: large;\"> A Diretora do Agrupamento<br \/>\nCristina Martins<\/span><\/p>\n<\/div>\n<p><strong><a href=\"https:\/\/www.aegois.com\/site\/wp-content\/uploads\/2016\/08\/passa_a_passo668.pdf\">Passo a Passo &#8211; Cent\u00e9sima Edi\u00e7\u00e3o<\/a><\/strong><\/p>\n<p>&nbsp;<\/p>\n<p><strong><a href=\"https:\/\/www.aegois.com\/site\/wp-content\/uploads\/2016\/08\/passa_a_passo683.pdf\">Passo a Passo &#8211; Edi\u00e7\u00e3o de Outubro de 2016<\/a><\/strong><\/p>\n<p><strong><a href=\"https:\/\/www.aegois.com\/site\/wp-content\/uploads\/2016\/08\/passa_a_passo685.pdf\">Passo a Passo &#8211; Edi\u00e7\u00e3o de Novembro de 2016<\/a><\/strong><\/p>\n<p><strong><a href=\"https:\/\/www.aegois.com\/site\/wp-content\/uploads\/2016\/08\/passa_a_passo688.pdf\">Passo a Passo &#8211; Edi\u00e7\u00e3o de Dezembro de 2016 \/ Janeiro de 2017<\/a><\/strong><\/p>\n<p><strong><a href=\"https:\/\/www.aegois.com\/site\/wp-content\/uploads\/2017\/01\/passa_a_passo691.pdf\">Passo a Passo &#8211; Edi\u00e7\u00e3o de Fevereiro de 2017<\/a><\/strong><\/p>\n<p><strong><a href=\"https:\/\/www.aegois.com\/site\/wp-content\/uploads\/2017\/03\/passoapassodemaroversopdf.zip\">Passo a Passo &#8211; Edi\u00e7\u00e3o de Mar\u00e7o de 2017<\/a><\/strong><\/p>\n<p><strong><a href=\"https:\/\/www.aegois.com\/site\/wp-content\/uploads\/2017\/03\/passa_a_passo695_4-1.pdf\">Passo a Passo &#8211; Edi\u00e7\u00e3o de Abril de 2017<\/a><\/strong><\/p>\n<p><strong><a href=\"https:\/\/www.aegois.com\/site\/wp-content\/uploads\/2017\/03\/passa_a_passo695_4.pdf\">Passo a Passo &#8211; Edi\u00e7\u00e3o de Maio de 2017<\/a><\/strong><\/p>\n<p><strong><a href=\"https:\/\/www.aegois.com\/site\/wp-content\/uploads\/2017\/06\/passa_a_passo699.pdf\">Passo a Passo &#8211; Edi\u00e7\u00e3o de Junho de 2017<\/a><\/strong><\/p>\n<p><strong><a href=\"https:\/\/www.aegois.com\/site\/wp-content\/uploads\/2017\/08\/passa_a_passo706.pdf\">Passo a Passo &#8211; Edi\u00e7\u00e3o de Outubro de 2017<\/a><\/strong><\/p>\n<p><a href=\"https:\/\/www.aegois.com\/site\/wp-content\/uploads\/2017\/11\/passa_a_passo708.pdf\"><strong>Passo a Passo &#8211; Edi\u00e7\u00e3o de Novembro de 2017<\/strong><\/a><\/p>\n<p><strong><a href=\"https:\/\/www.aegois.com\/site\/wp-content\/uploads\/2017\/12\/Passo-a-Passo-Dezembro-de-2017.zip\">Passo a Passo &#8211; Edi\u00e7\u00e3o de Dezembro de 2017<\/a><\/strong><\/p>\n<p><a href=\"https:\/\/www.aegois.com\/site\/wp-content\/uploads\/2018\/01\/passa_a_passo712.pdf\"><strong>Passo a Passo &#8211; Edi\u00e7\u00e3o de Janeiro de 2018<\/strong><\/a><\/p>\n<p><strong><a href=\"https:\/\/www.aegois.com\/site\/wp-content\/uploads\/2018\/03\/Passoa-a-Passo-Edicao-de-Fevereiro-de-2018.zip\">Passo a Passo &#8211; Edi\u00e7\u00e3o de Fevereiro de 2018<\/a><\/strong><\/p>\n<p><strong><a href=\"https:\/\/www.aegois.com\/site\/wp-content\/uploads\/2018\/04\/Edicao-de-mar\u00e7o-de-2018.zip\">Passo a Passo &#8211; Edi\u00e7\u00e3o de Mar\u00e7o de 2018<\/a><\/strong><\/p>\n<p><a href=\"https:\/\/www.aegois.com\/site\/wp-content\/uploads\/2018\/05\/passa_a_passo718.pdf\"><strong>Passo a Passo &#8211; Edi\u00e7\u00e3o de Abril de 2018<\/strong><\/a><\/p>\n<p><strong><a href=\"https:\/\/www.aegois.com\/site\/wp-content\/uploads\/2018\/10\/passa_a_passo720.pdf\">Passo a Passo &#8211; Edi\u00e7\u00e3o de Maio de 2018<\/a><\/strong><\/p>\n<p><a href=\"https:\/\/www.aegois.com\/site\/wp-content\/uploads\/2018\/10\/passa_a_passo722-1.pdf\"><strong>Passo a Passo &#8211; Edi\u00e7\u00e3o de Junho de 2018<\/strong><\/a><\/p>\n<p><strong><a href=\"https:\/\/www.aegois.com\/site\/wp-content\/uploads\/2019\/04\/passa_a_passo722.pdf\">Passo a Passo &#8211; Edi\u00e7\u00e3o de Outubro de 2018<\/a><\/strong><\/p>\n<p><a href=\"https:\/\/www.aegois.com\/site\/wp-content\/uploads\/2019\/04\/passa_a_passo730.pdf\"><strong>Passo a Passo &#8211; Edi\u00e7\u00e3o de Novembro de 2018<\/strong><\/a><\/p>\n<p><strong><a href=\"https:\/\/www.aegois.com\/site\/wp-content\/uploads\/2019\/04\/passa_a_passo733.pdf\">Passo a Passo &#8211; Edi\u00e7\u00e3o de Dezembro de 2018<\/a><\/strong><\/p>\n<p><a href=\"https:\/\/www.aegois.com\/site\/wp-content\/uploads\/2019\/04\/passa_a_passo-735.pdf\"><strong>Passo a Passo &#8211; Edi\u00e7\u00e3o de Janeiro de 2019<\/strong><\/a><\/p>\n<p><strong><a href=\"https:\/\/www.aegois.com\/site\/wp-content\/uploads\/2019\/04\/passa_a_passo_28_2_2019.pdf\">Passo a Passo &#8211; Edi\u00e7\u00e3o de Fevereiro de 2019<\/a><\/strong><\/p>\n<p><strong><a href=\"https:\/\/www.aegois.com\/site\/wp-content\/uploads\/2019\/04\/passa_a_passo_739.pdf\">Passo a Passo &#8211; Edi\u00e7\u00e3o de Mar\u00e7o de 2019<\/a><\/strong><\/p>\n<p><strong><a href=\"https:\/\/www.aegois.com\/site\/wp-content\/uploads\/2019\/08\/passo_a_passo-edi\u00e7\u00e3o-126.pdf\">Passo a Passo &#8211; Edi\u00e7\u00e3o de Abril de 2019<\/a><\/strong><\/p>\n<p><strong><a href=\"https:\/\/www.aegois.com\/site\/wp-content\/uploads\/2019\/08\/passo_a_passo-edi\u00e7\u00e3o-127.pdf\">Passo a Passo &#8211; Edi\u00e7\u00e3o de Maio de 2019<\/a><\/strong><\/p>\n<p><strong><a href=\"https:\/\/www.aegois.com\/site\/wp-content\/uploads\/2019\/08\/passo_a_passo-edi\u00e7\u00e3o-128.pdf\">Passo a Passo &#8211; Edi\u00e7\u00e3o de Junho-Julho de 2019<\/a><\/strong><\/p>\n<p><strong><a href=\"https:\/\/www.aegois.com\/site\/wp-content\/uploads\/2020\/12\/Passa_a_passo-out-2019.pdf\">Passo a Passo &#8211; Edi\u00e7\u00e3o de Outubro de 2019<\/a><\/strong><\/p>\n<p><strong><a href=\"https:\/\/www.aegois.com\/site\/wp-content\/uploads\/2020\/12\/Passa_a_passo-nov-2019.pdf\">Passo a Passo &#8211; Edi\u00e7\u00e3o de Novembro de 2019<\/a><\/strong><\/p>\n<p><a href=\"https:\/\/www.aegois.com\/site\/wp-content\/uploads\/2020\/12\/Passa_a_passo_-dez-2019.pdf\"><strong>Passo a Passo &#8211; Edi\u00e7\u00e3o de Dezembro de 2019<\/strong><\/a><\/p>\n<p><strong><a href=\"https:\/\/www.aegois.com\/site\/wp-content\/uploads\/2020\/12\/Passa_a_passo_131-jan-2020.pdf\">Passo a Passo &#8211; Edi\u00e7\u00e3o de Janeiro de 2020<\/a><\/strong><\/p>\n<p><strong><a href=\"https:\/\/www.aegois.com\/site\/wp-content\/uploads\/2020\/12\/Passa_a_passo_15-de-fev-2020.pdf\">Passo a Passo &#8211; Edi\u00e7\u00e3o de 15 de Fevereiro de 2020<\/a><\/strong><\/p>\n<p><strong><a href=\"https:\/\/www.aegois.com\/site\/wp-content\/uploads\/2020\/12\/Passa_a_passo-28-fev-2020.pdf\">Passo a Passo &#8211; Edi\u00e7\u00e3o de 28 de Fevereiro de 2020<\/a><\/strong><\/p>\n<p><strong><a href=\"https:\/\/www.aegois.com\/site\/wp-content\/uploads\/2020\/12\/Passa_a_passo-out-2020.pdf\">Passo a Passo &#8211; Edi\u00e7\u00e3o de Outubro de 2020<\/a><\/strong><\/p>\n<p><strong><a href=\"https:\/\/www.aegois.com\/site\/wp-content\/uploads\/2020\/12\/Passa_a_passo-nov-2020.pdf\">Passo a Passo &#8211; Edi\u00e7\u00e3o de Novembro de 2020<\/a><\/strong><\/p>\n<p><strong><a href=\"https:\/\/www.aegois.com\/site\/wp-content\/uploads\/2021\/01\/Passa_a_passo-dez-2020.pdf\">Passo a Passo &#8211; Edi\u00e7\u00e3o de Dezembro de 2020<\/a><\/strong><\/p>\n<p><strong><a href=\"https:\/\/www.aegois.com\/site\/wp-content\/uploads\/2021\/09\/Passa_a_passo-jan-2021_compressed.pdf\">Passo a Passo &#8211; Edi\u00e7\u00e3o de Janeiro de 2021<\/a><\/strong><\/p>\n<p><a href=\"https:\/\/www.aegois.com\/site\/wp-content\/uploads\/2021\/09\/Passo_a_passo-FEV-2021_compressed.pdf\"><strong>Passo a Passo &#8211; Edi\u00e7\u00e3o de Fevereiro de 2021<\/strong><\/a><\/p>\n<p><a href=\"https:\/\/www.aegois.com\/site\/wp-content\/uploads\/2021\/09\/Passo_a_passo-MAR-2021_compressed.pdf\"><strong>Passo a Passo &#8211; Edi\u00e7\u00e3o de Mar\u00e7o de 2021<\/strong><\/a><\/p>\n<p><strong><a href=\"https:\/\/www.aegois.com\/site\/wp-content\/uploads\/2021\/09\/Passo_a_passo-Abril-2021_compressed.pdf\">Passo a Passo &#8211; Edi\u00e7\u00e3o de Abril de 2021<\/a><\/strong><\/p>\n<p><strong><a href=\"https:\/\/www.aegois.com\/site\/wp-content\/uploads\/2021\/09\/Passa_a_passo_MAIO-2021_compressed.pdf\">Passo a Passo Edi\u00e7\u00e3o de MAIO de 2021<\/a><\/strong><\/p>\n<p><a href=\"https:\/\/www.aegois.com\/site\/wp-content\/uploads\/2021\/09\/Passa_a_passo-JUNHO-2021_compressed.pdf\"><strong>Passo a Passo &#8211; Edi\u00e7\u00e3o de JUNHO de 2021<\/strong><\/a><\/p>\n<p><strong><a href=\"https:\/\/www.aegois.com\/site\/wp-content\/uploads\/2021\/09\/Passo_a_passo_JULHO-2021_compressed.pdf\">Passo a Passo &#8211; Edi\u00e7\u00e3o de JULHO de 2021<\/a><\/strong><\/p>\n<p><a href=\"https:\/\/www.aegois.com\/site\/wp-content\/uploads\/2021\/10\/Passa_a_passo_edicao_1_compressed.pdf\"><strong>Passo a Passo &#8211; Edi\u00e7\u00e3o de OUTUBRO de 2021<\/strong><\/a><\/p>\n<p><a href=\"https:\/\/www.aegois.com\/site\/wp-content\/uploads\/2021\/11\/Passo_a_passo_NOVEMBRO_compressed.pdf\"><strong>Passo a Passo &#8211; Edi\u00e7\u00e3o de NOVEMBRO de 2021<\/strong><\/a><\/p>\n<p><a href=\"https:\/\/www.aegois.com\/site\/wp-content\/uploads\/2022\/01\/Passoapasso-1_compressed.pdf\"><strong>Passo a Passo &#8211; Edi\u00e7\u00e3o de DEZEMBRO de 2021<\/strong><\/a><\/p>\n<p><a href=\"https:\/\/www.aegois.com\/site\/wp-content\/uploads\/2022\/03\/Passo-a-Passo-FEV.pdf\"><strong>Passo a Passo &#8211; Edi\u00e7\u00e3o de JANEIRO\/FEVEREIRO DE 2022<\/strong><\/a><\/p>\n<p><a href=\"https:\/\/www.aegois.com\/site\/wp-content\/uploads\/2022\/04\/Passoapasso-MARCO-2022_compressed.pdf\"><strong>Passo a Passo &#8211; Edi\u00e7\u00e3o de MAR\u00c7O 2022<\/strong><\/a><\/p>\n<p><strong><a href=\"https:\/\/www.aegois.com\/site\/wp-content\/uploads\/2022\/06\/Passoapasso-MAIO-2022_compressed.pdf\">Passo a Passo &#8211; Edi\u00e7\u00e3o de ABRIL\/MAIO de 2022<\/a><\/strong><\/p>\n<p><strong><a href=\"https:\/\/www.aegois.com\/site\/wp-content\/uploads\/2022\/06\/PassoaPasso-JUNHO-2022_compressed.pdf\">Passo a Passo &#8211; Edi\u00e7\u00e3o de JUNHO de 2022<\/a><\/strong><\/p>\n<p><strong><a href=\"https:\/\/www.aegois.com\/site\/wp-content\/uploads\/2022\/10\/Passoapasso_compressed.pdf\">Passo a Passo &#8211; Edi\u00e7\u00e3o de JULHO de 2022<\/a><\/strong><\/p>\n<p><a href=\"https:\/\/www.aegois.com\/site\/wp-content\/uploads\/2022\/11\/Passoapasso30_10_2022_compressed.pdf\"><strong>Passo a Passo &#8211; Edi\u00e7\u00e3o de OUTUBRO DE 2022<\/strong><\/a><\/p>\n<p><a href=\"https:\/\/www.aegois.com\/site\/wp-content\/uploads\/2023\/02\/Passoapasso-NOVEMBRO_compressed.pdf\"><strong>Passo a Passo &#8211; Edi\u00e7\u00e3o de NOVEMBRO de 2022<\/strong><\/a><\/p>\n<p><strong><a href=\"https:\/\/www.aegois.com\/site\/wp-content\/uploads\/2023\/02\/Passoapasso-DEZEMBRO_compressed.pdf\">Passo a Passo &#8211; Edi\u00e7\u00e3o de DEZEMBRO de 2022<\/a><\/strong><\/p>\n<p><strong><a href=\"https:\/\/www.aegois.com\/site\/wp-content\/uploads\/2023\/02\/Passo-a-Passo-JANEIRO_compressed.pdf\">Passo a Passo &#8211; Edi\u00e7\u00e3o de JANEIRO de 2023<\/a><\/strong><\/p>\n<p><strong><a href=\"https:\/\/www.aegois.com\/site\/wp-content\/uploads\/2023\/03\/Passo-a-Passo-edicao-de-28fevereiro_compressed.pdf\">Passo a Passo &#8211; Edi\u00e7\u00e3o de FEVEREIRO de 2023<\/a><\/strong><\/p>\n<p><strong><a href=\"https:\/\/www.aegois.com\/site\/wp-content\/uploads\/2023\/04\/Passoapassoedicao30_3_2023-1_compressed.pdf\">Passo a Passo &#8211; Edi\u00e7\u00e3o de MAR\u00c7O de 2023<\/a><\/strong><\/p>\n<p><strong><a href=\"https:\/\/www.aegois.com\/site\/wp-content\/uploads\/2023\/05\/Edicao-Passo-a-Passo-ABRIL_compressed.pdf\">Passo a Passo &#8211; Edi\u00e7\u00e3o de ABRIL de 2023<\/a><\/strong><\/p>\n<p><strong><a href=\"https:\/\/www.aegois.com\/site\/wp-content\/uploads\/2023\/06\/Passo-a-passo-JUNHO_compressed.pdf\">Passo a Passo &#8211; MAIO de 2023<\/a><\/strong><\/p>\n<p><strong><a href=\"https:\/\/www.aegois.com\/site\/wp-content\/uploads\/2023\/07\/Passo-a-passo-JUNHO_compressed.pdf\">Passo a Passo &#8211; JUNHO de 2023<\/a><\/strong><\/p>\n<p><strong><a href=\"https:\/\/www.aegois.com\/site\/wp-content\/uploads\/2023\/07\/Passo-a-apasso_compressed.pdf\">Passo a Passo &#8211; JULHO DE 2023<\/a><\/strong><\/p>\n<p><strong><a href=\"https:\/\/www.aegois.com\/site\/wp-content\/uploads\/2023\/11\/Passo-a-Passo-OUTUBRO_compressed.pdf\">Passo a Passo &#8211; OUTUBRO DE 2023<\/a><\/strong><\/p>\n<p><a href=\"https:\/\/www.aegois.com\/site\/wp-content\/uploads\/2024\/01\/Passo-a-Passo-NOVEMBRO_compressed.pdf\"><strong>Passo a Passo &#8211; NOVEMBRO DE 2023<\/strong><\/a><\/p>\n<p><strong><a href=\"https:\/\/www.aegois.com\/site\/wp-content\/uploads\/2024\/01\/Passo-a-Passo-DEZEMBRO_compressed.pdf\">Passo a Passo &#8211; DEZEMBRO DE 2023<\/a><\/strong><\/p>\n<p><a href=\"https:\/\/www.aegois.com\/site\/wp-content\/uploads\/2024\/02\/Passo-a-passo_compressed.pdf\"><strong>Passo a Passo &#8211; JANEIRO DE 2024<\/strong><\/a><\/p>\n<p><strong><a href=\"https:\/\/www.aegois.com\/site\/wp-content\/uploads\/2024\/03\/Passo-a-apasso28_2_2024_compressed.pdf\">Passo a Passo &#8211; FEVEREIRO DE 2024<\/a><\/strong><\/p>\n<p><strong><a href=\"https:\/\/www.aegois.com\/site\/wp-content\/uploads\/2024\/04\/Passo-a-passo_compressed.pdf\">Passo a Passo &#8211; MAR\u00c7O DE 2024<\/a><\/strong><\/p>\n<p><strong><a href=\"https:\/\/www.aegois.com\/site\/wp-content\/uploads\/2024\/04\/Passo-a-Passo-ABRIL_compressed.pdf\">Passo a Passo &#8211; ABRIL DE 2024<\/a><\/strong><\/p>\n<p><strong><a href=\"https:\/\/www.aegois.com\/site\/wp-content\/uploads\/2024\/06\/Passo-a-apasso.pdf\">Passo a Passo &#8211; MAIO DE 2024<\/a><\/strong><\/p>\n<p><strong><a href=\"https:\/\/www.aegois.com\/site\/wp-content\/uploads\/2024\/07\/Passo-a-Passo-JUNHO-2024.pdf\">Passo a Passo &#8211; JUNHO 2024<\/a><\/strong><\/p>\n<p><strong><a href=\"https:\/\/www.aegois.com\/site\/wp-content\/uploads\/2024\/09\/Passo-a-Passo-Agosto_compressed.pdf\">Passo a Passo &#8211; JULHO\/AGOSTO DE 2024<\/a><\/strong><\/p>\n<p><a href=\"https:\/\/www.aegois.com\/site\/wp-content\/uploads\/2024\/12\/PASSO-A-PASSO-NOVEMBRO-24_compressed.pdf\"><strong>Passo a Passo &#8211; OUTUBRO\/NOVEMBRO de 2024<\/strong><\/a><\/p>\n<p><strong><a href=\"https:\/\/www.aegois.com\/site\/wp-content\/uploads\/2025\/07\/PASSO-A-PASSO-DEZEMBRO-24.pdf\">PASSO A PASSO &#8211; DEZEMBRO DE 2024<\/a><\/strong><\/p>\n<p><strong><a href=\"https:\/\/www.aegois.com\/site\/wp-content\/uploads\/2025\/07\/PASSO-A-PASSO-JANEIRO-25.pdf\">PASSO A PASSO &#8211; JANEIRO DE 2025<\/a><\/strong><\/p>\n<p><strong><a href=\"https:\/\/www.aegois.com\/site\/wp-content\/uploads\/2025\/07\/PASSO-A-PASSO-FEVEREIRO-25.pdf\">PASSO A PASSO &#8211; FEVEREIRO DE 2025<\/a><\/strong><\/p>\n<p><strong><a href=\"https:\/\/www.aegois.com\/site\/wp-content\/uploads\/2025\/07\/PASSO-A-PASSO-MARCO-2025.pdf\">PASSO A PASSO &#8211; MAR\u00c7O DE 2025<\/a><\/strong><\/p>\n<p><a href=\"https:\/\/www.aegois.com\/site\/wp-content\/uploads\/2025\/07\/Passo-a-Passo-ABRIL.pdf\"><strong>Passo a Passo &#8211; ABRIL DE 2025<\/strong><\/a><\/p>\n<p><strong><a href=\"https:\/\/www.aegois.com\/site\/wp-content\/uploads\/2025\/07\/Passo-a-Passo-MAIO.pdf\">Passo a Passo &#8211; MAIO DE 2025<\/a><\/strong><\/p>\n<p><strong><a href=\"https:\/\/www.aegois.com\/site\/wp-content\/uploads\/2025\/07\/Passo-a-Passo-JUNHO.pdf\">Passo a Passo &#8211; JUNHO DE 2025<\/a><\/strong><\/p>\n<p><strong><a href=\"https:\/\/www.aegois.com\/site\/wp-content\/uploads\/2025\/07\/julho-2025.pdf\">Passo a Passo &#8211; JULHO DE 2025<\/a><\/strong><\/p>\n<p><strong><a href=\"https:\/\/www.aegois.com\/site\/wp-content\/uploads\/2025\/12\/Passo-a-Passo-OUTUBRO.pdf\">Passo a Passo &#8211; OUTUBRO de 2025<\/a><\/strong><\/p>\n<p><strong><a href=\"https:\/\/www.aegois.com\/site\/wp-content\/uploads\/2026\/03\/Passo-a-Passo-NOVEMBRO_compressed_compressed.pdf\">Passo a Passo &#8211; NOVEMBRO de 2025<\/a><\/strong><\/p>\n<p><strong><a href=\"https:\/\/www.aegois.com\/site\/wp-content\/uploads\/2026\/03\/13-Passo-a-apasso-2-1.pdf\">Passo a Passo &#8211; DEZEMBRO 1<\/a><\/strong><\/p>\n<p><strong><a href=\"https:\/\/www.aegois.com\/site\/wp-content\/uploads\/2026\/03\/14-Passo-a-apasso-2-2.pdf\">Passo a Passo &#8211; DEZEMBRO 2<\/a><\/strong><\/p>\n<p><strong><a href=\"https:\/\/www.aegois.com\/site\/wp-content\/uploads\/2026\/03\/19-Passo-a-apasso-2-3.pdf\">Passo a Passo &#8211; DEZEMBRO 3<\/a><\/strong><\/p>\n<p><strong><a href=\"https:\/\/www.aegois.com\/site\/wp-content\/uploads\/2026\/03\/20-Passo-a-apasso-2-4.pdf\">Passo a Passo &#8211; DEZEMBRO 4<\/a><\/strong><\/p>\n<p><strong><a href=\"https:\/\/www.aegois.com\/site\/wp-content\/uploads\/2026\/03\/Passo-a-Passo-JANEIRO_compressed_compressed-1.pdf\">Passo a Passo &#8211; JANEIRO de 2026<\/a><\/strong><\/p>\n<p><strong><a href=\"https:\/\/www.aegois.com\/site\/wp-content\/uploads\/2026\/03\/Passo-a-Passo-FEVEREIRO_compressed_compressed.pdf\">Passo a Passo &#8211; FEVEREIRO de 2026<\/a><\/strong><\/p>\n","protected":false},"excerpt":{"rendered":"<p>O Jornal Escolar destina-se a toda a Comunidade Educativa e a: &#8211; Sensibilizar os alunos para uma cidadania respons\u00e1vel; &#8211; Promover a interliga\u00e7\u00e3o Escola\/Comunidade; &#8211; Desenvolver nos alunos o gosto pela leitura\/escrita; &#8211; Desenvolver na comunidade o gosto pela leitura;&hellip; <\/p>\n","protected":false},"author":2,"featured_media":0,"parent":14,"menu_order":0,"comment_status":"closed","ping_status":"closed","template":"","meta":{"footnotes":""},"class_list":["post-1186","page","type-page","status-publish","hentry"],"_links":{"self":[{"href":"https:\/\/www.aegois.com\/site\/wp-json\/wp\/v2\/pages\/1186","targetHints":{"allow":["GET"]}}],"collection":[{"href":"https:\/\/www.aegois.com\/site\/wp-json\/wp\/v2\/pages"}],"about":[{"href":"https:\/\/www.aegois.com\/site\/wp-json\/wp\/v2\/types\/page"}],"author":[{"embeddable":true,"href":"https:\/\/www.aegois.com\/site\/wp-json\/wp\/v2\/users\/2"}],"replies":[{"embeddable":true,"href":"https:\/\/www.aegois.com\/site\/wp-json\/wp\/v2\/comments?post=1186"}],"version-history":[{"count":67,"href":"https:\/\/www.aegois.com\/site\/wp-json\/wp\/v2\/pages\/1186\/revisions"}],"predecessor-version":[{"id":6344,"href":"https:\/\/www.aegois.com\/site\/wp-json\/wp\/v2\/pages\/1186\/revisions\/6344"}],"up":[{"embeddable":true,"href":"https:\/\/www.aegois.com\/site\/wp-json\/wp\/v2\/pages\/14"}],"wp:attachment":[{"href":"https:\/\/www.aegois.com\/site\/wp-json\/wp\/v2\/media?parent=1186"}],"curies":[{"name":"wp","href":"https:\/\/api.w.org\/{rel}","templated":true}]}}