{"id":2225,"date":"2025-11-18T16:09:48","date_gmt":"2025-11-18T16:09:48","guid":{"rendered":"http:\/\/www.aegois.com\/site\/?page_id=2225"},"modified":"2025-12-06T17:19:12","modified_gmt":"2025-12-06T17:19:12","slug":"clube-e-laboratorio-de-linguas","status":"publish","type":"page","link":"https:\/\/www.aegois.com\/site\/projetos-e-clubes\/clube-e-laboratorio-de-linguas\/","title":{"rendered":"Clube de Empreendedorismo"},"content":{"rendered":"<p>O <strong>Clube de Empreendedorismo<\/strong> destina-se aos alunos que o queiram frequentar e tem por objetivos:<\/p>\n<ul>\n<li>Promover o esp\u00edrito empreendedor entre os alunos, incentivando a criatividade, autonomia e iniciativa.<\/li>\n<li>Desenvolver compet\u00eancias essenciais como comunica\u00e7\u00e3o, lideran\u00e7a, trabalho em equipa e resolu\u00e7\u00e3o de problemas.<\/li>\n<li>Estimular o pensamento cr\u00edtico e a capacidade de transformar ideias em projetos concretos.<\/li>\n<li>Introduzir conceitos b\u00e1sicos de empreendedorismo, como cria\u00e7\u00e3o de valor, inova\u00e7\u00e3o, planeamento e gest\u00e3o.<\/li>\n<li>Apoiar os alunos na elabora\u00e7\u00e3o de pequenos projetos ou micro-neg\u00f3cios, desde a ideia inicial at\u00e9 \u00e0 apresenta\u00e7\u00e3o final.<\/li>\n<li>Fomentar a literacia financeira, ensinando no\u00e7\u00f5es simples de or\u00e7amento, poupan\u00e7a e investimento adaptadas \u00e0 idade dos participantes.<\/li>\n<li>Promover a colabora\u00e7\u00e3o entre alunos de diferentes turmas e n\u00edveis, criando redes de apoio e partilha de ideias.<\/li>\n<li>Aumentar a autoconfian\u00e7a e responsabilidade, incentivando os alunos a tomarem decis\u00f5es e a aprenderem com os erros.<\/li>\n<li>Desenvolver sensibilidade social, estimulando projetos que respondam a necessidades da escola ou da comunidade local.<\/li>\n<li>Estimular a utiliza\u00e7\u00e3o de tecnologias e ferramentas digitais para cria\u00e7\u00e3o, planeamento e apresenta\u00e7\u00e3o de projetos.<\/li>\n<li>Criar parcerias com institui\u00e7\u00f5es locais, empresas ou empreendedores, trazendo experi\u00eancias reais para a escola.<\/li>\n<li>Promover uma cultura de sustentabilidade, integrando pr\u00e1ticas ecol\u00f3gicas e responsabilidade social nos projetos.<\/li>\n<\/ul>\n<h3 data-start=\"538\" data-end=\"570\"><img loading=\"lazy\" decoding=\"async\" class=\"size-medium wp-image-6141 aligncenter\" src=\"https:\/\/www.aegois.com\/site\/wp-content\/uploads\/2025\/12\/DSCF7496-300x200.jpg\" alt=\"\" width=\"300\" height=\"200\" srcset=\"https:\/\/www.aegois.com\/site\/wp-content\/uploads\/2025\/12\/DSCF7496-300x200.jpg 300w, https:\/\/www.aegois.com\/site\/wp-content\/uploads\/2025\/12\/DSCF7496-1024x683.jpg 1024w, https:\/\/www.aegois.com\/site\/wp-content\/uploads\/2025\/12\/DSCF7496-768x512.jpg 768w, https:\/\/www.aegois.com\/site\/wp-content\/uploads\/2025\/12\/DSCF7496-1536x1024.jpg 1536w, https:\/\/www.aegois.com\/site\/wp-content\/uploads\/2025\/12\/DSCF7496-2048x1365.jpg 2048w\" sizes=\"auto, (max-width: 300px) 100vw, 300px\" \/><\/h3>\n<p><img loading=\"lazy\" decoding=\"async\" class=\"size-medium wp-image-6142 aligncenter\" src=\"https:\/\/www.aegois.com\/site\/wp-content\/uploads\/2025\/12\/DSCF7501-300x200.jpg\" alt=\"\" width=\"300\" height=\"200\" srcset=\"https:\/\/www.aegois.com\/site\/wp-content\/uploads\/2025\/12\/DSCF7501-300x200.jpg 300w, https:\/\/www.aegois.com\/site\/wp-content\/uploads\/2025\/12\/DSCF7501-1024x683.jpg 1024w, https:\/\/www.aegois.com\/site\/wp-content\/uploads\/2025\/12\/DSCF7501-768x512.jpg 768w, https:\/\/www.aegois.com\/site\/wp-content\/uploads\/2025\/12\/DSCF7501-1536x1024.jpg 1536w, https:\/\/www.aegois.com\/site\/wp-content\/uploads\/2025\/12\/DSCF7501-2048x1365.jpg 2048w\" sizes=\"auto, (max-width: 300px) 100vw, 300px\" \/><\/p>\n","protected":false},"excerpt":{"rendered":"<p>O Clube de Empreendedorismo destina-se aos alunos que o queiram frequentar e tem por objetivos: Promover o esp\u00edrito empreendedor entre os alunos, incentivando a criatividade, autonomia e iniciativa. Desenvolver compet\u00eancias essenciais como comunica\u00e7\u00e3o, lideran\u00e7a, trabalho em equipa e resolu\u00e7\u00e3o de&hellip; <\/p>\n","protected":false},"author":2,"featured_media":0,"parent":14,"menu_order":0,"comment_status":"closed","ping_status":"closed","template":"","meta":{"footnotes":""},"class_list":["post-2225","page","type-page","status-publish","hentry"],"_links":{"self":[{"href":"https:\/\/www.aegois.com\/site\/wp-json\/wp\/v2\/pages\/2225","targetHints":{"allow":["GET"]}}],"collection":[{"href":"https:\/\/www.aegois.com\/site\/wp-json\/wp\/v2\/pages"}],"about":[{"href":"https:\/\/www.aegois.com\/site\/wp-json\/wp\/v2\/types\/page"}],"author":[{"embeddable":true,"href":"https:\/\/www.aegois.com\/site\/wp-json\/wp\/v2\/users\/2"}],"replies":[{"embeddable":true,"href":"https:\/\/www.aegois.com\/site\/wp-json\/wp\/v2\/comments?post=2225"}],"version-history":[{"count":6,"href":"https:\/\/www.aegois.com\/site\/wp-json\/wp\/v2\/pages\/2225\/revisions"}],"predecessor-version":[{"id":6156,"href":"https:\/\/www.aegois.com\/site\/wp-json\/wp\/v2\/pages\/2225\/revisions\/6156"}],"up":[{"embeddable":true,"href":"https:\/\/www.aegois.com\/site\/wp-json\/wp\/v2\/pages\/14"}],"wp:attachment":[{"href":"https:\/\/www.aegois.com\/site\/wp-json\/wp\/v2\/media?parent=2225"}],"curies":[{"name":"wp","href":"https:\/\/api.w.org\/{rel}","templated":true}]}}