{"id":238,"date":"2016-08-24T17:21:06","date_gmt":"2016-08-24T16:21:06","guid":{"rendered":"http:\/\/www.aegois.com\/site\/?page_id=238"},"modified":"2016-08-24T17:22:05","modified_gmt":"2016-08-24T16:22:05","slug":"estatuto-do-aluno","status":"publish","type":"page","link":"https:\/\/www.aegois.com\/site\/alunos\/estatuto-do-aluno\/","title":{"rendered":"Estatuto do Aluno"},"content":{"rendered":"<p>Publica-se a Lei n.\u00ba 51\/2012 de 5 de setembro, que aprova o Estatuto do Aluno e \u00c9tica Escolar, que estabelece os direitos e os deveres do aluno dos ensinos b\u00e1sico e secund\u00e1rio e o compromisso dos pais ou encarregados de educa\u00e7\u00e3o e dos restantes membros da comunidade educativa na sua educa\u00e7\u00e3o e forma\u00e7\u00e3o, revogando a Lei n.\u00ba 30\/2002, de 20 de dezembro.<\/p>\n<p><a href=\"https:\/\/www.aegois.com\/site\/wp-content\/uploads\/2016\/07\/Estatuto-do-Aluno.pdf\">Estatuto do Aluno<\/a><\/p>\n","protected":false},"excerpt":{"rendered":"<p>Publica-se a Lei n.\u00ba 51\/2012 de 5 de setembro, que aprova o Estatuto do Aluno e \u00c9tica Escolar, que estabelece os direitos e os deveres do aluno dos ensinos b\u00e1sico e secund\u00e1rio e o compromisso dos pais ou encarregados de&hellip; <\/p>\n","protected":false},"author":2,"featured_media":0,"parent":102,"menu_order":0,"comment_status":"closed","ping_status":"closed","template":"","meta":{"footnotes":""},"class_list":["post-238","page","type-page","status-publish","hentry"],"_links":{"self":[{"href":"https:\/\/www.aegois.com\/site\/wp-json\/wp\/v2\/pages\/238","targetHints":{"allow":["GET"]}}],"collection":[{"href":"https:\/\/www.aegois.com\/site\/wp-json\/wp\/v2\/pages"}],"about":[{"href":"https:\/\/www.aegois.com\/site\/wp-json\/wp\/v2\/types\/page"}],"author":[{"embeddable":true,"href":"https:\/\/www.aegois.com\/site\/wp-json\/wp\/v2\/users\/2"}],"replies":[{"embeddable":true,"href":"https:\/\/www.aegois.com\/site\/wp-json\/wp\/v2\/comments?post=238"}],"version-history":[{"count":3,"href":"https:\/\/www.aegois.com\/site\/wp-json\/wp\/v2\/pages\/238\/revisions"}],"predecessor-version":[{"id":1170,"href":"https:\/\/www.aegois.com\/site\/wp-json\/wp\/v2\/pages\/238\/revisions\/1170"}],"up":[{"embeddable":true,"href":"https:\/\/www.aegois.com\/site\/wp-json\/wp\/v2\/pages\/102"}],"wp:attachment":[{"href":"https:\/\/www.aegois.com\/site\/wp-json\/wp\/v2\/media?parent=238"}],"curies":[{"name":"wp","href":"https:\/\/api.w.org\/{rel}","templated":true}]}}