{"id":240,"date":"2025-09-15T14:13:42","date_gmt":"2025-09-15T13:13:42","guid":{"rendered":"http:\/\/www.aegois.com\/site\/?page_id=240"},"modified":"2025-12-06T15:34:52","modified_gmt":"2025-12-06T15:34:52","slug":"calendario-escolar","status":"publish","type":"page","link":"https:\/\/www.aegois.com\/site\/alunos\/calendario-escolar\/","title":{"rendered":"Calend\u00e1rio Escolar"},"content":{"rendered":"<p>Publica-se o Calend\u00e1rio Escolar para o Ano Letivo 2024\/2025 a 2027\/2028.<\/p>\n<p><strong><a href=\"https:\/\/www.aegois.com\/site\/wp-content\/uploads\/2025\/12\/Desp-n-9989-de-21-de-agosto-de-2025.pdf\">Calend\u00e1rio Escolar &#8211; Altera\u00e7\u00e3o &#8211; Despacho n\u00ba 9989 de 21 de agosto de 2025<\/a><\/strong><\/p>\n<p><strong><a href=\"https:\/\/www.aegois.com\/site\/wp-content\/uploads\/2024\/09\/0016600171.pdf\">Calend\u00e1rio Escolar &#8211; Despacho n\u00ba 8368\/2024 de 25-07-2024<\/a><\/strong><\/p>\n<p>&nbsp;<\/p>\n<p>&nbsp;<\/p>\n","protected":false},"excerpt":{"rendered":"<p>Publica-se o Calend\u00e1rio Escolar para o Ano Letivo 2024\/2025 a 2027\/2028. Calend\u00e1rio Escolar &#8211; Altera\u00e7\u00e3o &#8211; Despacho n\u00ba 9989 de 21 de agosto de 2025 Calend\u00e1rio Escolar &#8211; Despacho n\u00ba 8368\/2024 de 25-07-2024 &nbsp; &nbsp;<\/p>\n","protected":false},"author":2,"featured_media":0,"parent":102,"menu_order":0,"comment_status":"closed","ping_status":"closed","template":"","meta":{"footnotes":""},"class_list":["post-240","page","type-page","status-publish","hentry"],"_links":{"self":[{"href":"https:\/\/www.aegois.com\/site\/wp-json\/wp\/v2\/pages\/240","targetHints":{"allow":["GET"]}}],"collection":[{"href":"https:\/\/www.aegois.com\/site\/wp-json\/wp\/v2\/pages"}],"about":[{"href":"https:\/\/www.aegois.com\/site\/wp-json\/wp\/v2\/types\/page"}],"author":[{"embeddable":true,"href":"https:\/\/www.aegois.com\/site\/wp-json\/wp\/v2\/users\/2"}],"replies":[{"embeddable":true,"href":"https:\/\/www.aegois.com\/site\/wp-json\/wp\/v2\/comments?post=240"}],"version-history":[{"count":12,"href":"https:\/\/www.aegois.com\/site\/wp-json\/wp\/v2\/pages\/240\/revisions"}],"predecessor-version":[{"id":6123,"href":"https:\/\/www.aegois.com\/site\/wp-json\/wp\/v2\/pages\/240\/revisions\/6123"}],"up":[{"embeddable":true,"href":"https:\/\/www.aegois.com\/site\/wp-json\/wp\/v2\/pages\/102"}],"wp:attachment":[{"href":"https:\/\/www.aegois.com\/site\/wp-json\/wp\/v2\/media?parent=240"}],"curies":[{"name":"wp","href":"https:\/\/api.w.org\/{rel}","templated":true}]}}