{"id":246,"date":"2025-09-08T08:19:09","date_gmt":"2025-09-08T07:19:09","guid":{"rendered":"http:\/\/www.aegois.com\/site\/?page_id=246"},"modified":"2025-12-06T19:39:22","modified_gmt":"2025-12-06T19:39:22","slug":"gois","status":"publish","type":"page","link":"https:\/\/www.aegois.com\/site\/alunos\/turmas\/educacao-pre-escolar\/gois\/","title":{"rendered":"G\u00f3is"},"content":{"rendered":"<p><strong>EDUCA\u00c7\u00c3O PR\u00c9-ESCOLAR DE G\u00d3IS<\/strong><\/p>\n<p><img loading=\"lazy\" decoding=\"async\" class=\"alignnone size-medium wp-image-1055\" src=\"https:\/\/www.aegois.com\/site\/wp-content\/uploads\/2016\/07\/JI-de-Gois-300x225.jpg\" alt=\"JI de Gois\" width=\"300\" height=\"225\" srcset=\"https:\/\/www.aegois.com\/site\/wp-content\/uploads\/2016\/07\/JI-de-Gois-300x225.jpg 300w, https:\/\/www.aegois.com\/site\/wp-content\/uploads\/2016\/07\/JI-de-Gois-768x576.jpg 768w, https:\/\/www.aegois.com\/site\/wp-content\/uploads\/2016\/07\/JI-de-Gois-1024x768.jpg 1024w\" sizes=\"auto, (max-width: 300px) 100vw, 300px\" \/><\/p>\n<p>A Educa\u00e7\u00e3o Pr\u00e9-Escolar de G\u00f3is possui um total de 9 crian\u00e7as.<\/p>\n","protected":false},"excerpt":{"rendered":"<p>EDUCA\u00c7\u00c3O PR\u00c9-ESCOLAR DE G\u00d3IS A Educa\u00e7\u00e3o Pr\u00e9-Escolar de G\u00f3is possui um total de 9 crian\u00e7as.<\/p>\n","protected":false},"author":2,"featured_media":0,"parent":244,"menu_order":0,"comment_status":"closed","ping_status":"closed","template":"","meta":{"footnotes":""},"class_list":["post-246","page","type-page","status-publish","hentry"],"_links":{"self":[{"href":"https:\/\/www.aegois.com\/site\/wp-json\/wp\/v2\/pages\/246","targetHints":{"allow":["GET"]}}],"collection":[{"href":"https:\/\/www.aegois.com\/site\/wp-json\/wp\/v2\/pages"}],"about":[{"href":"https:\/\/www.aegois.com\/site\/wp-json\/wp\/v2\/types\/page"}],"author":[{"embeddable":true,"href":"https:\/\/www.aegois.com\/site\/wp-json\/wp\/v2\/users\/2"}],"replies":[{"embeddable":true,"href":"https:\/\/www.aegois.com\/site\/wp-json\/wp\/v2\/comments?post=246"}],"version-history":[{"count":13,"href":"https:\/\/www.aegois.com\/site\/wp-json\/wp\/v2\/pages\/246\/revisions"}],"predecessor-version":[{"id":6188,"href":"https:\/\/www.aegois.com\/site\/wp-json\/wp\/v2\/pages\/246\/revisions\/6188"}],"up":[{"embeddable":true,"href":"https:\/\/www.aegois.com\/site\/wp-json\/wp\/v2\/pages\/244"}],"wp:attachment":[{"href":"https:\/\/www.aegois.com\/site\/wp-json\/wp\/v2\/media?parent=246"}],"curies":[{"name":"wp","href":"https:\/\/api.w.org\/{rel}","templated":true}]}}