{"id":258,"date":"2025-09-20T08:50:50","date_gmt":"2025-09-20T07:50:50","guid":{"rendered":"http:\/\/www.aegois.com\/site\/?page_id=258"},"modified":"2025-12-06T19:43:52","modified_gmt":"2025-12-06T19:43:52","slug":"gois","status":"publish","type":"page","link":"https:\/\/www.aegois.com\/site\/alunos\/turmas\/1o-ciclo\/gois\/","title":{"rendered":"G\u00f3is"},"content":{"rendered":"<p><strong>ESCOLA B\u00c1SICA DE G\u00d3IS &#8211; 1\u00ba CICLO<\/strong><\/p>\n<p><img loading=\"lazy\" decoding=\"async\" class=\"alignnone size-medium wp-image-1064\" src=\"https:\/\/www.aegois.com\/site\/wp-content\/uploads\/2016\/07\/EB1-de-gois-300x225.jpg\" alt=\"EB1 de gois\" width=\"300\" height=\"225\" srcset=\"https:\/\/www.aegois.com\/site\/wp-content\/uploads\/2016\/07\/EB1-de-gois-300x225.jpg 300w, https:\/\/www.aegois.com\/site\/wp-content\/uploads\/2016\/07\/EB1-de-gois-768x576.jpg 768w, https:\/\/www.aegois.com\/site\/wp-content\/uploads\/2016\/07\/EB1-de-gois-1024x768.jpg 1024w\" sizes=\"auto, (max-width: 300px) 100vw, 300px\" \/><\/p>\n<p>O 1\u00ba Ciclo de G\u00f3is possui um total de 65 alunos distribu\u00eddos por quatro turmas:<\/p>\n<p>Turma A &#8211; 1\u00ba Ano: 15 alunos<\/p>\n<p>Turma B: 2\u00ba Ano: 18 alunos<\/p>\n<p>Turma C: 3\u00ba Ano: 16 alunos<\/p>\n<p>Turma D: 4\u00ba Ano: 16 alunos<\/p>\n<p>&nbsp;<\/p>\n","protected":false},"excerpt":{"rendered":"<p>ESCOLA B\u00c1SICA DE G\u00d3IS &#8211; 1\u00ba CICLO O 1\u00ba Ciclo de G\u00f3is possui um total de 65 alunos distribu\u00eddos por quatro turmas: Turma A &#8211; 1\u00ba Ano: 15 alunos Turma B: 2\u00ba Ano: 18 alunos Turma C: 3\u00ba Ano: 16&hellip; <\/p>\n","protected":false},"author":2,"featured_media":0,"parent":253,"menu_order":0,"comment_status":"closed","ping_status":"closed","template":"","meta":{"footnotes":""},"class_list":["post-258","page","type-page","status-publish","hentry"],"_links":{"self":[{"href":"https:\/\/www.aegois.com\/site\/wp-json\/wp\/v2\/pages\/258","targetHints":{"allow":["GET"]}}],"collection":[{"href":"https:\/\/www.aegois.com\/site\/wp-json\/wp\/v2\/pages"}],"about":[{"href":"https:\/\/www.aegois.com\/site\/wp-json\/wp\/v2\/types\/page"}],"author":[{"embeddable":true,"href":"https:\/\/www.aegois.com\/site\/wp-json\/wp\/v2\/users\/2"}],"replies":[{"embeddable":true,"href":"https:\/\/www.aegois.com\/site\/wp-json\/wp\/v2\/comments?post=258"}],"version-history":[{"count":14,"href":"https:\/\/www.aegois.com\/site\/wp-json\/wp\/v2\/pages\/258\/revisions"}],"predecessor-version":[{"id":6191,"href":"https:\/\/www.aegois.com\/site\/wp-json\/wp\/v2\/pages\/258\/revisions\/6191"}],"up":[{"embeddable":true,"href":"https:\/\/www.aegois.com\/site\/wp-json\/wp\/v2\/pages\/253"}],"wp:attachment":[{"href":"https:\/\/www.aegois.com\/site\/wp-json\/wp\/v2\/media?parent=258"}],"curies":[{"name":"wp","href":"https:\/\/api.w.org\/{rel}","templated":true}]}}