{"id":266,"date":"2025-09-14T07:22:25","date_gmt":"2025-09-14T06:22:25","guid":{"rendered":"http:\/\/www.aegois.com\/site\/?page_id=266"},"modified":"2025-12-06T18:21:15","modified_gmt":"2025-12-06T18:21:15","slug":"diretores-de-turma","status":"publish","type":"page","link":"https:\/\/www.aegois.com\/site\/alunos\/diretores-de-turma\/","title":{"rendered":"Docentes Titulares de Grupo\/Turma\/Diretores de Turma"},"content":{"rendered":"<p style=\"text-align: center;\"><strong>2025\/2026<\/strong><\/p>\n<p style=\"text-align: left;\"><strong>ESCOLA B\u00c1SICA ANSELMO DOS SANTOS FERREIRA &#8211; ALVARES<\/strong><\/p>\n<p><strong>Educa\u00e7\u00e3o Pr\u00e9-Escolar: <\/strong>Maria Teresa Albuquerque<\/p>\n<p><strong>1\u00ba Ciclo:<\/strong> Jo\u00e3o Miguel Francisco Vaz<\/p>\n<p>&nbsp;<\/p>\n<p><strong>ESCOLA B\u00c1SICA DE G\u00d3IS<\/strong><\/p>\n<p><strong>Educa\u00e7\u00e3o Pr\u00e9-Escolar: <\/strong>Dina Maria Cunha<\/p>\n<p>&nbsp;<\/p>\n<p><strong>1\u00ba Ciclo:<\/strong><\/p>\n<p>Turma A &#8211; 1\u00ba Ano: Maria da Ascens\u00e3o Medeiros Dutra<\/p>\n<p>Turma B &#8211; 2\u00ba Ano: Ana Paula de Jesus Henriques<\/p>\n<p>Turma C &#8211; 3\u00ba Ano: Sara Cristina Barroco Silva<\/p>\n<p>Turma D &#8211; 4\u00ba Ano: Catarina Madalena Ferreira<\/p>\n<p>&nbsp;<\/p>\n<p><strong>2\u00ba Ciclo:<\/strong><\/p>\n<p>5\u00ba A: Ana Maria Sim\u00f5es<\/p>\n<p>5\u00ba B: Aida Vasconcelos Canelas Andr\u00e9<\/p>\n<p>6\u00ba A: Andreia Rita Paix\u00e3o de Carvalho<\/p>\n<p>6\u00ba B: Ana Maria Figueiredo Catarino<\/p>\n<p>&nbsp;<\/p>\n<p><strong>3\u00ba Ciclo:<\/strong><\/p>\n<p>7\u00ba A: Lu\u00eds Filipe Correia Ramos<\/p>\n<p>8\u00ba A: Isabel Maria Costa Santos Botequilha<\/p>\n<p>9\u00ba A: Marco Paulo Teles<\/p>\n<p>&nbsp;<\/p>\n<p>&nbsp;<\/p>\n<p>&nbsp;<\/p>\n<p><strong>ESCOLA B\u00c1SICA DE VILA NOVA DO CEIRA<br \/>\n<\/strong><\/p>\n<p><strong>Educa\u00e7\u00e3o Pr\u00e9-Escolar: <\/strong>Paula Cristina Baptista dos Santos<strong><br \/>\n<\/strong><\/p>\n<p>&nbsp;<\/p>\n<p><strong>1\u00ba Ciclo:<\/strong><\/p>\n<p>Turma A &#8211; 1\u00ba e 2\u00ba Anos: Manuel Ant\u00f3nio Alves Monteiro<\/p>\n<p>Turma B &#8211; 3\u00ba e 4\u00ba Anos: C\u00e1tia Alexandra Morais Lopes<\/p>\n","protected":false},"excerpt":{"rendered":"<p>2025\/2026 ESCOLA B\u00c1SICA ANSELMO DOS SANTOS FERREIRA &#8211; ALVARES Educa\u00e7\u00e3o Pr\u00e9-Escolar: Maria Teresa Albuquerque 1\u00ba Ciclo: Jo\u00e3o Miguel Francisco Vaz &nbsp; ESCOLA B\u00c1SICA DE G\u00d3IS Educa\u00e7\u00e3o Pr\u00e9-Escolar: Dina Maria Cunha &nbsp; 1\u00ba Ciclo: Turma A &#8211; 1\u00ba Ano: Maria da&hellip; <\/p>\n","protected":false},"author":2,"featured_media":0,"parent":102,"menu_order":0,"comment_status":"closed","ping_status":"closed","template":"","meta":{"footnotes":""},"class_list":["post-266","page","type-page","status-publish","hentry"],"_links":{"self":[{"href":"https:\/\/www.aegois.com\/site\/wp-json\/wp\/v2\/pages\/266","targetHints":{"allow":["GET"]}}],"collection":[{"href":"https:\/\/www.aegois.com\/site\/wp-json\/wp\/v2\/pages"}],"about":[{"href":"https:\/\/www.aegois.com\/site\/wp-json\/wp\/v2\/types\/page"}],"author":[{"embeddable":true,"href":"https:\/\/www.aegois.com\/site\/wp-json\/wp\/v2\/users\/2"}],"replies":[{"embeddable":true,"href":"https:\/\/www.aegois.com\/site\/wp-json\/wp\/v2\/comments?post=266"}],"version-history":[{"count":18,"href":"https:\/\/www.aegois.com\/site\/wp-json\/wp\/v2\/pages\/266\/revisions"}],"predecessor-version":[{"id":6174,"href":"https:\/\/www.aegois.com\/site\/wp-json\/wp\/v2\/pages\/266\/revisions\/6174"}],"up":[{"embeddable":true,"href":"https:\/\/www.aegois.com\/site\/wp-json\/wp\/v2\/pages\/102"}],"wp:attachment":[{"href":"https:\/\/www.aegois.com\/site\/wp-json\/wp\/v2\/media?parent=266"}],"curies":[{"name":"wp","href":"https:\/\/api.w.org\/{rel}","templated":true}]}}