{"id":270,"date":"2025-10-03T08:36:26","date_gmt":"2025-10-03T07:36:26","guid":{"rendered":"http:\/\/www.aegois.com\/site\/?page_id=270"},"modified":"2025-12-06T19:02:04","modified_gmt":"2025-12-06T19:02:04","slug":"delegados-e-subdelegados","status":"publish","type":"page","link":"https:\/\/www.aegois.com\/site\/alunos\/delegados-e-subdelegados\/","title":{"rendered":"Delegados e Subdelegados"},"content":{"rendered":"<div class=\"entry-content clearfix\">\n<p style=\"text-align: center;\"><strong>Ano Letivo 2025\/2026<\/strong><\/p>\n<p><strong>ESCOLA B\u00c1SICA ANSELMO DOS SANTOS FERREIRA &#8211; ALVARES<\/strong><\/p>\n<p>Delegada &#8211; Let\u00edcia Mar\u00e7al Barata;<\/p>\n<p>Subdelegada &#8211; Constan\u00e7a Barata Luiz;<\/p>\n<p>&nbsp;<\/p>\n<p><strong>ESCOLA B\u00c1SICA DE G\u00d3IS<\/strong><\/p>\n<p><strong>1\u00ba Ciclo:<\/strong><\/p>\n<p>Turma A \u2013 1\u00ba Ano: Delegado &#8211; David\u00a0 Alexandre Oliveira Lopes; Subdelegada &#8211; Gabriel Barata de Carvalho;<\/p>\n<p>Turma B \u2013 2\u00ba Ano: Delegada &#8211; ; Subdelegada &#8211;<\/p>\n<p>Turma C \u2013 3\u00ba Ano: Delegada &#8211; Maria Eduarda Sim\u00f5es Gra\u00e7a; Subdelegado &#8211; Jo\u00e3o Tom\u00e1s Ventura Rosa Barata;<\/p>\n<p>Turma D \u2013 4\u00ba Ano: Delegada &#8211; Maria Eduarda Silva de Almeida; Subdelegada &#8211; Teresa de Barata Coelho;<\/p>\n<p>&nbsp;<\/p>\n<p><strong>2\u00ba Ciclo:<\/strong><\/p>\n<p><strong>5\u00ba A<\/strong>: Delegada &#8211; <span style=\"font-weight: 400;\">Matilde Garcia de Sousa<\/span>; Subdelegada &#8211; <span style=\"font-weight: 400;\">Ana Beatriz Temprilho Rodrigues Greg\u00f3rio<\/span> Rito Silva<\/p>\n<p><strong>5\u00ba B: <\/strong>Delegada &#8211; <span style=\"font-weight: 400;\">Flor Enes Alvarinhas<\/span>; Subdelegada &#8211; <span style=\"font-weight: 400;\">Maria Francisca Sim\u00f5es de Carvalho<\/span><\/p>\n<p><strong>6\u00ba A<\/strong>: Delegada &#8211; <span style=\"font-weight: 400;\">Beatriz Oliveira Bandeira<\/span>; Subdelegada &#8211; <span style=\"font-weight: 400;\">Luciana Martins Alves<\/span><\/p>\n<p><strong>6\u00ba B<\/strong>: Delegado &#8211; <span style=\"font-weight: 400;\">Vasco Carvalho Santos<\/span>; Subdelegado &#8211; <span style=\"font-weight: 400;\">Rodrigo Maciel Barata Bernardino<\/span><\/p>\n<p>&nbsp;<\/p>\n<p><strong>3\u00ba Ciclo:<\/strong><\/p>\n<p><strong>7\u00ba A<\/strong>: Delegada &#8211; <span style=\"font-weight: 400;\">Diana de Barata Coelho<\/span>; Subdelegado &#8211; <span style=\"font-weight: 400;\">Pedro Nuno Dias Nogueira e Bandeira<\/span><\/p>\n<p><strong>8\u00ba A:<\/strong> Delegada &#8211; Bianca Carvalho Martins; Subdelegada &#8211; <span style=\"font-weight: 400;\">Zulmira Rodrigues <\/span><\/p>\n<p><strong>9\u00ba A<\/strong>: Delegada &#8211; Mariana Barata Ferreira; Subdelegada &#8211; <span style=\"font-weight: 400;\">Vit\u00f3ria Sofia Oliveira Ferreira<\/span><\/p>\n<p>&nbsp;<\/p>\n<p>&nbsp;<\/p>\n<p>&nbsp;<\/p>\n<p><strong>ESCOLA B\u00c1SICA DE VILA NOVA DO CEIRA<br \/>\n<\/strong><\/p>\n<p><strong>1\u00ba Ciclo:<\/strong><\/p>\n<p>Turma A \u2013 1\u00ba\/2\u00ba Anos: Delegada &#8211; Joana\u00a0 Carvalho Santos; Subdelegado &#8211; Louren\u00e7o\u00a0 de Almeida Dias;<\/p>\n<p>Turma B \u2013 3\u00ba\/4\u00ba Anos: Delegado &#8211; Andr\u00e9 Kollande; Subdelegada &#8211; Ema Calheiros;<\/p>\n<p>&nbsp;<\/p>\n<\/div>\n","protected":false},"excerpt":{"rendered":"<p>Ano Letivo 2025\/2026 ESCOLA B\u00c1SICA ANSELMO DOS SANTOS FERREIRA &#8211; ALVARES Delegada &#8211; Let\u00edcia Mar\u00e7al Barata; Subdelegada &#8211; Constan\u00e7a Barata Luiz; &nbsp; ESCOLA B\u00c1SICA DE G\u00d3IS 1\u00ba Ciclo: Turma A \u2013 1\u00ba Ano: Delegado &#8211; David\u00a0 Alexandre Oliveira Lopes; Subdelegada&hellip; <\/p>\n","protected":false},"author":2,"featured_media":0,"parent":102,"menu_order":0,"comment_status":"closed","ping_status":"closed","template":"","meta":{"footnotes":""},"class_list":["post-270","page","type-page","status-publish","hentry"],"_links":{"self":[{"href":"https:\/\/www.aegois.com\/site\/wp-json\/wp\/v2\/pages\/270","targetHints":{"allow":["GET"]}}],"collection":[{"href":"https:\/\/www.aegois.com\/site\/wp-json\/wp\/v2\/pages"}],"about":[{"href":"https:\/\/www.aegois.com\/site\/wp-json\/wp\/v2\/types\/page"}],"author":[{"embeddable":true,"href":"https:\/\/www.aegois.com\/site\/wp-json\/wp\/v2\/users\/2"}],"replies":[{"embeddable":true,"href":"https:\/\/www.aegois.com\/site\/wp-json\/wp\/v2\/comments?post=270"}],"version-history":[{"count":52,"href":"https:\/\/www.aegois.com\/site\/wp-json\/wp\/v2\/pages\/270\/revisions"}],"predecessor-version":[{"id":6182,"href":"https:\/\/www.aegois.com\/site\/wp-json\/wp\/v2\/pages\/270\/revisions\/6182"}],"up":[{"embeddable":true,"href":"https:\/\/www.aegois.com\/site\/wp-json\/wp\/v2\/pages\/102"}],"wp:attachment":[{"href":"https:\/\/www.aegois.com\/site\/wp-json\/wp\/v2\/media?parent=270"}],"curies":[{"name":"wp","href":"https:\/\/api.w.org\/{rel}","templated":true}]}}