{"id":272,"date":"2026-01-19T11:27:50","date_gmt":"2026-01-19T11:27:50","guid":{"rendered":"http:\/\/www.aegois.com\/site\/?page_id=272"},"modified":"2026-01-19T19:29:56","modified_gmt":"2026-01-19T19:29:56","slug":"representante-de-pais-por-turma","status":"publish","type":"page","link":"https:\/\/www.aegois.com\/site\/alunos\/representante-de-pais-por-turma\/","title":{"rendered":"Representante de Pais por Turma"},"content":{"rendered":"<p style=\"text-align: center;\"><strong>Ano Letivo 2025\/2026<\/strong><\/p>\n<p><strong>ESCOLA B\u00c1SICA ANSELMO DOS SANTOS FERREIRA &#8211; ALVARES<\/strong><\/p>\n<p><strong>Educa\u00e7\u00e3o Pr\u00e9-Escolar: <\/strong>Catarina Maria Dias Gama; Vera L\u00facia Santos.<\/p>\n<p><strong>1\u00ba Ciclo:\u00a0<\/strong><\/p>\n<p>&nbsp;<\/p>\n<p><strong>ESCOLA B\u00c1SICA DE G\u00d3IS<\/strong><\/p>\n<p><strong>Educa\u00e7\u00e3o Pr\u00e9-Escolar: <\/strong>Marta Raquel Garcia Alves; Catarina R. Almeida Rodrigues.<strong><br \/>\n<\/strong><\/p>\n<p>&nbsp;<\/p>\n<p><strong>1\u00ba Ciclo:<\/strong><\/p>\n<p><strong>Turma A (1\u00ba Ano): <span style=\"font-weight: 400;\">Carla Isabel Domingos Duarte; Giselda Patr\u00edcia Marques Barata.<\/span><\/strong><\/p>\n<p><strong>Turma B (2\u00ba Ano): <span style=\"font-weight: 400;\">Aline Neves Le Guennan; Daniela Marisa Luzio de Almeida Coimbra.<\/span><\/strong><strong><br \/>\n<\/strong><\/p>\n<p><strong>Turma C (3\u00ba Ano):<\/strong> <span style=\"font-weight: 400;\">Patr\u00edcia Alexandra Sim\u00f5es Ad\u00e3o; Cristina Isabel dos Santos Sim\u00f5es. <\/span><strong><br \/>\n<\/strong><\/p>\n<p><strong>Turma D (4\u00ba Ano): <span style=\"font-weight: 400;\">Teresa Margarida Rosa Barata; Maria Isabel da Luz Martins.<\/span><\/strong><\/p>\n<p>&nbsp;<\/p>\n<p><strong>2\u00ba Ciclo:<\/strong><\/p>\n<p><strong>5\u00ba A: <span style=\"font-weight: 400;\">Marta Raquel Garcia Alves<\/span><\/strong>; <span style=\"font-weight: 400;\">Andreia Rafaela Gaspar Vidal;<\/span><\/p>\n<p><strong>5\u00ba B: <span style=\"font-weight: 400;\">Ana Catarina Sanches<\/span><\/strong>; <span style=\"font-weight: 400;\">Silvia Helena Martins;<\/span><\/p>\n<p><strong>6\u00ba A: <span style=\"font-weight: 400;\">Aline Neves Le Guennan<\/span><\/strong>; <span style=\"font-weight: 400;\">Mafalda Filipa Cabral;<\/span><\/p>\n<p><strong>6\u00ba B<\/strong>: <span style=\"font-weight: 400;\">Patr\u00edcia Margarida Rodrigues<\/span>; <span style=\"font-weight: 400;\">Cl\u00e1udia Sofia de Almeida Ventura;<\/span><\/p>\n<p>&nbsp;<\/p>\n<p><strong>3\u00ba Ciclo:<\/strong><\/p>\n<p><strong>7\u00ba A: <span style=\"font-weight: 400;\">Teresa Margarida Rosa Barata<\/span><\/strong>; <span style=\"font-weight: 400;\">Ana L\u00facia Nunes de Almeida Martins;<\/span><\/p>\n<p><strong>8\u00ba A: <span style=\"font-weight: 400;\">Carla M\u00aa Fernandes Martins Santos<\/span><\/strong>; <span style=\"font-weight: 400;\">Lu\u00eds Ant\u00f3nio Martins;<\/span><\/p>\n<p><strong>9\u00ba A: <span style=\"font-weight: 400;\">Sandrina Sim\u00f5es Alves<\/span><\/strong>; <span style=\"font-weight: 400;\">Carla Sofia Fernandes;<\/span><\/p>\n<p>&nbsp;<\/p>\n<p><strong>ESCOLA B\u00c1SICA DE VILA NOVA DO CEIRA:<\/strong><\/p>\n<p><strong>Educa\u00e7\u00e3o Pr\u00e9-Escolar: <\/strong>Elisa Ana Holzinger; Darya Sivash de Aboim Borges.<\/p>\n<p>&nbsp;<\/p>\n<p><strong>1\u00ba Ciclo:<\/strong><\/p>\n<p><strong>Turma A (1\u00ba\/2\u00ba Anos): <span style=\"font-weight: 400;\">Carina Raquel Barata de Oliveira; Rosa Sofia Fran\u00e7a de Almeida.<\/span><\/strong><\/p>\n<p><strong>Turma B (3\u00ba\/4\u00ba Anos): <span style=\"font-weight: 400;\">Helena Filipa Ferreira Carvalho; S\u00f3nia Isabel Figueiredo Alves.<\/span><\/strong><\/p>\n<p><strong>\u00a0<\/strong><\/p>\n<p>&nbsp;<\/p>\n","protected":false},"excerpt":{"rendered":"<p>Ano Letivo 2025\/2026 ESCOLA B\u00c1SICA ANSELMO DOS SANTOS FERREIRA &#8211; ALVARES Educa\u00e7\u00e3o Pr\u00e9-Escolar: Catarina Maria Dias Gama; Vera L\u00facia Santos. 1\u00ba Ciclo:\u00a0 &nbsp; ESCOLA B\u00c1SICA DE G\u00d3IS Educa\u00e7\u00e3o Pr\u00e9-Escolar: Marta Raquel Garcia Alves; Catarina R. Almeida Rodrigues. &nbsp; 1\u00ba Ciclo:&hellip; <\/p>\n","protected":false},"author":2,"featured_media":0,"parent":102,"menu_order":0,"comment_status":"closed","ping_status":"closed","template":"","meta":{"footnotes":""},"class_list":["post-272","page","type-page","status-publish","hentry"],"_links":{"self":[{"href":"https:\/\/www.aegois.com\/site\/wp-json\/wp\/v2\/pages\/272","targetHints":{"allow":["GET"]}}],"collection":[{"href":"https:\/\/www.aegois.com\/site\/wp-json\/wp\/v2\/pages"}],"about":[{"href":"https:\/\/www.aegois.com\/site\/wp-json\/wp\/v2\/types\/page"}],"author":[{"embeddable":true,"href":"https:\/\/www.aegois.com\/site\/wp-json\/wp\/v2\/users\/2"}],"replies":[{"embeddable":true,"href":"https:\/\/www.aegois.com\/site\/wp-json\/wp\/v2\/comments?post=272"}],"version-history":[{"count":43,"href":"https:\/\/www.aegois.com\/site\/wp-json\/wp\/v2\/pages\/272\/revisions"}],"predecessor-version":[{"id":6294,"href":"https:\/\/www.aegois.com\/site\/wp-json\/wp\/v2\/pages\/272\/revisions\/6294"}],"up":[{"embeddable":true,"href":"https:\/\/www.aegois.com\/site\/wp-json\/wp\/v2\/pages\/102"}],"wp:attachment":[{"href":"https:\/\/www.aegois.com\/site\/wp-json\/wp\/v2\/media?parent=272"}],"curies":[{"name":"wp","href":"https:\/\/api.w.org\/{rel}","templated":true}]}}