{"id":32,"date":"2020-11-20T09:04:37","date_gmt":"2020-11-20T09:04:37","guid":{"rendered":"http:\/\/www.aegois.com\/site\/?page_id=32"},"modified":"2020-12-25T15:39:59","modified_gmt":"2020-12-25T15:39:59","slug":"agrupamento","status":"publish","type":"page","link":"https:\/\/www.aegois.com\/site\/agrupamento\/","title":{"rendered":"Agrupamento"},"content":{"rendered":"<p>&nbsp;<\/p>\n<div id=\"attachment_1163\" style=\"width: 403px\" class=\"wp-caption aligncenter\"><img loading=\"lazy\" decoding=\"async\" aria-describedby=\"caption-attachment-1163\" class=\"wp-image-1163\" src=\"https:\/\/www.aegois.com\/site\/wp-content\/uploads\/2016\/08\/escola1-300x175.jpg\" alt=\"Sede do Agrupamento\" width=\"393\" height=\"229\" srcset=\"https:\/\/www.aegois.com\/site\/wp-content\/uploads\/2016\/08\/escola1-300x175.jpg 300w, https:\/\/www.aegois.com\/site\/wp-content\/uploads\/2016\/08\/escola1.jpg 640w\" sizes=\"auto, (max-width: 393px) 100vw, 393px\" \/><p id=\"caption-attachment-1163\" class=\"wp-caption-text\"><strong>Agrupamento de Escolas de G\u00f3is<br \/><\/strong><\/p><\/div>\n<p style=\"text-align: justify;\">O Agrupamento \u00e9 constitu\u00eddo por 3 estabelecimentos educativos (2020\/2021):<\/p>\n<p style=\"text-align: justify;\">&#8211; Escola B\u00e1sica de Alvares, que inclui a Educa\u00e7\u00e3o Pr\u00e9-Escolar e o 1\u00ba Ciclo;<\/p>\n<p style=\"text-align: justify;\">&#8211; Escola B\u00e1sica de G\u00f3is que possui os n\u00edveis de Ensino desde a Educa\u00e7\u00e3o Pr\u00e9-Escolar ao 9\u00ba ano;<\/p>\n<p style=\"text-align: justify;\">&#8211; Escola B\u00e1sica de Vila Nova do Ceira, que inclui a Educa\u00e7\u00e3o Pr\u00e9-Escolar e o 1\u00ba Ciclo.<\/p>\n<p style=\"text-align: justify;\">No corrente ano letivo, a <b>popula\u00e7\u00e3o escolar <\/b>totaliza 238 crian\u00e7as e jovens: 43 na Educa\u00e7\u00e3o Pr\u00e9-Escolar, 84 no 1\u00ba Ciclo, 38 do 2\u00ba Ciclo e 73 no 3\u00ba Ciclo.<\/p>\n","protected":false},"excerpt":{"rendered":"<p>&nbsp; O Agrupamento \u00e9 constitu\u00eddo por 3 estabelecimentos educativos (2020\/2021): &#8211; Escola B\u00e1sica de Alvares, que inclui a Educa\u00e7\u00e3o Pr\u00e9-Escolar e o 1\u00ba Ciclo; &#8211; Escola B\u00e1sica de G\u00f3is que possui os n\u00edveis de Ensino desde a Educa\u00e7\u00e3o Pr\u00e9-Escolar ao&hellip; <\/p>\n","protected":false},"author":2,"featured_media":0,"parent":0,"menu_order":0,"comment_status":"closed","ping_status":"closed","template":"","meta":{"footnotes":""},"class_list":["post-32","page","type-page","status-publish","hentry"],"_links":{"self":[{"href":"https:\/\/www.aegois.com\/site\/wp-json\/wp\/v2\/pages\/32","targetHints":{"allow":["GET"]}}],"collection":[{"href":"https:\/\/www.aegois.com\/site\/wp-json\/wp\/v2\/pages"}],"about":[{"href":"https:\/\/www.aegois.com\/site\/wp-json\/wp\/v2\/types\/page"}],"author":[{"embeddable":true,"href":"https:\/\/www.aegois.com\/site\/wp-json\/wp\/v2\/users\/2"}],"replies":[{"embeddable":true,"href":"https:\/\/www.aegois.com\/site\/wp-json\/wp\/v2\/comments?post=32"}],"version-history":[{"count":11,"href":"https:\/\/www.aegois.com\/site\/wp-json\/wp\/v2\/pages\/32\/revisions"}],"predecessor-version":[{"id":3413,"href":"https:\/\/www.aegois.com\/site\/wp-json\/wp\/v2\/pages\/32\/revisions\/3413"}],"wp:attachment":[{"href":"https:\/\/www.aegois.com\/site\/wp-json\/wp\/v2\/media?parent=32"}],"curies":[{"name":"wp","href":"https:\/\/api.w.org\/{rel}","templated":true}]}}