{"id":3476,"date":"2025-09-25T20:57:02","date_gmt":"2025-09-25T19:57:02","guid":{"rendered":"http:\/\/www.aegois.com\/site\/?page_id=3476"},"modified":"2025-12-06T17:04:22","modified_gmt":"2025-12-06T17:04:22","slug":"amigos-da-mediacao-escolar","status":"publish","type":"page","link":"https:\/\/www.aegois.com\/site\/amigos-da-mediacao-escolar\/","title":{"rendered":"Clube Amigos da Media\u00e7\u00e3o Escolar"},"content":{"rendered":"<p>O Clube dos Amigos da Media\u00e7\u00e3o Escolar surgiu no \u00e2mbito da a\u00e7\u00e3o do Gabinete do Apoio ao Aluno e \u00e0 Fam\u00edlia protocolado com o Instituto de Apoio \u00e0 Crian\u00e7a e no corrente ano letivo n\u00e3o est\u00e1 a funcionar.<\/p>\n<p>&nbsp;<\/p>\n","protected":false},"excerpt":{"rendered":"<p>O Clube dos Amigos da Media\u00e7\u00e3o Escolar surgiu no \u00e2mbito da a\u00e7\u00e3o do Gabinete do Apoio ao Aluno e \u00e0 Fam\u00edlia protocolado com o Instituto de Apoio \u00e0 Crian\u00e7a e no corrente ano letivo n\u00e3o est\u00e1 a funcionar. &nbsp;<\/p>\n","protected":false},"author":2,"featured_media":0,"parent":0,"menu_order":0,"comment_status":"closed","ping_status":"closed","template":"","meta":{"footnotes":""},"class_list":["post-3476","page","type-page","status-publish","hentry"],"_links":{"self":[{"href":"https:\/\/www.aegois.com\/site\/wp-json\/wp\/v2\/pages\/3476","targetHints":{"allow":["GET"]}}],"collection":[{"href":"https:\/\/www.aegois.com\/site\/wp-json\/wp\/v2\/pages"}],"about":[{"href":"https:\/\/www.aegois.com\/site\/wp-json\/wp\/v2\/types\/page"}],"author":[{"embeddable":true,"href":"https:\/\/www.aegois.com\/site\/wp-json\/wp\/v2\/users\/2"}],"replies":[{"embeddable":true,"href":"https:\/\/www.aegois.com\/site\/wp-json\/wp\/v2\/comments?post=3476"}],"version-history":[{"count":5,"href":"https:\/\/www.aegois.com\/site\/wp-json\/wp\/v2\/pages\/3476\/revisions"}],"predecessor-version":[{"id":6154,"href":"https:\/\/www.aegois.com\/site\/wp-json\/wp\/v2\/pages\/3476\/revisions\/6154"}],"wp:attachment":[{"href":"https:\/\/www.aegois.com\/site\/wp-json\/wp\/v2\/media?parent=3476"}],"curies":[{"name":"wp","href":"https:\/\/api.w.org\/{rel}","templated":true}]}}