{"id":495,"date":"2020-09-22T15:53:34","date_gmt":"2020-09-22T14:53:34","guid":{"rendered":"http:\/\/www.aegois.com\/site\/?page_id=495"},"modified":"2020-12-25T15:23:06","modified_gmt":"2020-12-25T15:23:06","slug":"refeitorio","status":"publish","type":"page","link":"https:\/\/www.aegois.com\/site\/servicos\/refeitorio\/","title":{"rendered":"Refeit\u00f3rio"},"content":{"rendered":"<p><strong>HOR\u00c1RIO DE FUNCIONAMENTO<br \/>\n<\/strong><\/p>\n<p>Das 12h \u00e0s 14h<\/p>\n<p>&nbsp;<\/p>\n<p><strong>PRE\u00c7\u00c1RIO DAS REFEI\u00c7\u00d5ES<\/strong><\/p>\n<p>Alunos sem Subs\u00eddio\u00a0 &#8230;&#8230;&#8230;&#8230;&#8230;&#8230;&#8230;&#8230;&#8230;&#8230;&#8230;.. 1,46\u20ac<\/p>\n<p>Alunos com Escal\u00e3o A &#8230;&#8230;&#8230;&#8230;&#8230;&#8230;&#8230;&#8230;&#8230;&#8230;&#8230;. Gr\u00e1tis<\/p>\n<p>Alunos com Escal\u00e3o B &#8230;&#8230;&#8230;&#8230;&#8230;&#8230;&#8230;&#8230;&#8230;&#8230;&#8230;. 0,73\u20ac<\/p>\n<p>Pessoal Docente e N\u00e3o Docente &#8230;&#8230;&#8230;&#8230;&#8230;&#8230; 4,10\u20ac<\/p>\n<p>Taxa (Multa) &#8230;&#8230;&#8230;&#8230;&#8230;&#8230;&#8230;&#8230;&#8230;&#8230;&#8230;&#8230;&#8230;&#8230;&#8230;&#8230;.. 0,30\u20ac<\/p>\n","protected":false},"excerpt":{"rendered":"<p>HOR\u00c1RIO DE FUNCIONAMENTO Das 12h \u00e0s 14h &nbsp; PRE\u00c7\u00c1RIO DAS REFEI\u00c7\u00d5ES Alunos sem Subs\u00eddio\u00a0 &#8230;&#8230;&#8230;&#8230;&#8230;&#8230;&#8230;&#8230;&#8230;&#8230;&#8230;.. 1,46\u20ac Alunos com Escal\u00e3o A &#8230;&#8230;&#8230;&#8230;&#8230;&#8230;&#8230;&#8230;&#8230;&#8230;&#8230;. Gr\u00e1tis Alunos com Escal\u00e3o B &#8230;&#8230;&#8230;&#8230;&#8230;&#8230;&#8230;&#8230;&#8230;&#8230;&#8230;. 0,73\u20ac Pessoal Docente e N\u00e3o Docente &#8230;&#8230;&#8230;&#8230;&#8230;&#8230; 4,10\u20ac Taxa (Multa) &#8230;&#8230;&#8230;&#8230;&#8230;&#8230;&#8230;&#8230;&#8230;&#8230;&#8230;&#8230;&#8230;&#8230;&#8230;&#8230;.. 0,30\u20ac<\/p>\n","protected":false},"author":2,"featured_media":0,"parent":278,"menu_order":0,"comment_status":"closed","ping_status":"closed","template":"","meta":{"footnotes":""},"class_list":["post-495","page","type-page","status-publish","hentry"],"_links":{"self":[{"href":"https:\/\/www.aegois.com\/site\/wp-json\/wp\/v2\/pages\/495","targetHints":{"allow":["GET"]}}],"collection":[{"href":"https:\/\/www.aegois.com\/site\/wp-json\/wp\/v2\/pages"}],"about":[{"href":"https:\/\/www.aegois.com\/site\/wp-json\/wp\/v2\/types\/page"}],"author":[{"embeddable":true,"href":"https:\/\/www.aegois.com\/site\/wp-json\/wp\/v2\/users\/2"}],"replies":[{"embeddable":true,"href":"https:\/\/www.aegois.com\/site\/wp-json\/wp\/v2\/comments?post=495"}],"version-history":[{"count":10,"href":"https:\/\/www.aegois.com\/site\/wp-json\/wp\/v2\/pages\/495\/revisions"}],"predecessor-version":[{"id":3412,"href":"https:\/\/www.aegois.com\/site\/wp-json\/wp\/v2\/pages\/495\/revisions\/3412"}],"up":[{"embeddable":true,"href":"https:\/\/www.aegois.com\/site\/wp-json\/wp\/v2\/pages\/278"}],"wp:attachment":[{"href":"https:\/\/www.aegois.com\/site\/wp-json\/wp\/v2\/media?parent=495"}],"curies":[{"name":"wp","href":"https:\/\/api.w.org\/{rel}","templated":true}]}}