{"id":56,"date":"2025-09-18T15:10:16","date_gmt":"2025-09-18T14:10:16","guid":{"rendered":"http:\/\/www.aegois.com\/site\/?page_id=56"},"modified":"2025-12-06T16:47:20","modified_gmt":"2025-12-06T16:47:20","slug":"desporto-escolar","status":"publish","type":"page","link":"https:\/\/www.aegois.com\/site\/projetos-e-clubes\/desporto-escolar\/","title":{"rendered":"Desporto Escolar"},"content":{"rendered":"<p style=\"text-align: justify;\">O <strong>Desporto Escolar<\/strong> destina-se aos alunos que o queiram frequentar e prop\u00f5e-se:<\/p>\n<p style=\"text-align: justify;\">&#8211; Dinamizar a atividade desportiva da Escola.<\/p>\n<p style=\"text-align: justify;\">&#8211; Complementar a atividade curricular, com a atividade desportiva extracurricular de acordo com as motiva\u00e7\u00f5es dos alunos.<\/p>\n<p style=\"text-align: justify;\">&#8211; Permitir um maior aperfei\u00e7oamento nas modalidades.<\/p>\n<p style=\"text-align: justify;\">&#8211; Incentivar o esp\u00edrito desportivo e de coopera\u00e7\u00e3o, contribuindo para o processo formativo dos alunos.<\/p>\n<p style=\"text-align: justify;\">&#8211; Promover a compreens\u00e3o da necessidade de cumprimento das regras de higiene e seguran\u00e7a nas atividades f\u00edsicas.<\/p>\n<p style=\"text-align: justify;\">&#8211; Proporcionar condi\u00e7\u00f5es para que os alunos se enquadrem em tarefas de organiza\u00e7\u00e3o desportiva.<\/p>\n<p style=\"text-align: justify;\">&#8211; Proporcionar aos alunos condi\u00e7\u00f5es de conv\u00edvio, atrav\u00e9s da participa\u00e7\u00e3o em torneios internos e externos.<\/p>\n<p style=\"text-align: justify;\">&#8211; Fomentar o conhecimento das implica\u00e7\u00f5es e benef\u00edcios de uma participa\u00e7\u00e3o regular nas atividades f\u00edsicas e desportivas escolares.<\/p>\n<p style=\"text-align: justify;\">&#8211; Contribuir para a valoriza\u00e7\u00e3o do ponto de vista cultural e a compreens\u00e3o da sua contribui\u00e7\u00e3o para o estilo de vida ativa e saud\u00e1vel.<\/p>\n<p>&nbsp;<\/p>\n<p style=\"text-align: justify;\"><strong>Modalidades do Desporto Escolar:<\/strong><\/p>\n<p style=\"text-align: justify;\"><strong>Escola Ativa<\/strong><\/p>\n<p style=\"text-align: justify;\"><strong>Badminton<\/strong> \u2013 v\u00e1rios escal\u00f5es \u2013 Misto<\/p>\n<p><img loading=\"lazy\" decoding=\"async\" class=\"alignnone  wp-image-6143\" src=\"https:\/\/www.aegois.com\/site\/wp-content\/uploads\/2025\/12\/DSCF7471-300x200.jpg\" alt=\"\" width=\"362\" height=\"241\" srcset=\"https:\/\/www.aegois.com\/site\/wp-content\/uploads\/2025\/12\/DSCF7471-300x200.jpg 300w, https:\/\/www.aegois.com\/site\/wp-content\/uploads\/2025\/12\/DSCF7471-1024x683.jpg 1024w, https:\/\/www.aegois.com\/site\/wp-content\/uploads\/2025\/12\/DSCF7471-768x512.jpg 768w, https:\/\/www.aegois.com\/site\/wp-content\/uploads\/2025\/12\/DSCF7471-1536x1024.jpg 1536w, https:\/\/www.aegois.com\/site\/wp-content\/uploads\/2025\/12\/DSCF7471-2048x1365.jpg 2048w\" sizes=\"auto, (max-width: 362px) 100vw, 362px\" \/><\/p>\n<div id=\"attachment_1423\" style=\"width: 219px\" class=\"wp-caption aligncenter\"><img loading=\"lazy\" decoding=\"async\" aria-describedby=\"caption-attachment-1423\" class=\"size-medium wp-image-1423\" src=\"https:\/\/www.aegois.com\/site\/wp-content\/uploads\/2016\/08\/Famalic\u00e3o-209x300.jpg\" alt=\"Corta-Mato Nacional em Famalic\u00e3o\" width=\"209\" height=\"300\" srcset=\"https:\/\/www.aegois.com\/site\/wp-content\/uploads\/2016\/08\/Famalic\u00e3o-209x300.jpg 209w, https:\/\/www.aegois.com\/site\/wp-content\/uploads\/2016\/08\/Famalic\u00e3o.jpg 243w\" sizes=\"auto, (max-width: 209px) 100vw, 209px\" \/><p id=\"caption-attachment-1423\" class=\"wp-caption-text\">Corta-Mato Nacional em\u00a0 Famalic\u00e3o<\/p><\/div>\n<div class=\"mceTemp\"><\/div>\n<p>&nbsp;<\/p>\n<p>&nbsp;<\/p>\n","protected":false},"excerpt":{"rendered":"<p>O Desporto Escolar destina-se aos alunos que o queiram frequentar e prop\u00f5e-se: &#8211; Dinamizar a atividade desportiva da Escola. &#8211; Complementar a atividade curricular, com a atividade desportiva extracurricular de acordo com as motiva\u00e7\u00f5es dos alunos. &#8211; Permitir um maior&hellip; <\/p>\n","protected":false},"author":2,"featured_media":0,"parent":14,"menu_order":0,"comment_status":"closed","ping_status":"closed","template":"","meta":{"footnotes":""},"class_list":["post-56","page","type-page","status-publish","hentry"],"_links":{"self":[{"href":"https:\/\/www.aegois.com\/site\/wp-json\/wp\/v2\/pages\/56","targetHints":{"allow":["GET"]}}],"collection":[{"href":"https:\/\/www.aegois.com\/site\/wp-json\/wp\/v2\/pages"}],"about":[{"href":"https:\/\/www.aegois.com\/site\/wp-json\/wp\/v2\/types\/page"}],"author":[{"embeddable":true,"href":"https:\/\/www.aegois.com\/site\/wp-json\/wp\/v2\/users\/2"}],"replies":[{"embeddable":true,"href":"https:\/\/www.aegois.com\/site\/wp-json\/wp\/v2\/comments?post=56"}],"version-history":[{"count":15,"href":"https:\/\/www.aegois.com\/site\/wp-json\/wp\/v2\/pages\/56\/revisions"}],"predecessor-version":[{"id":6144,"href":"https:\/\/www.aegois.com\/site\/wp-json\/wp\/v2\/pages\/56\/revisions\/6144"}],"up":[{"embeddable":true,"href":"https:\/\/www.aegois.com\/site\/wp-json\/wp\/v2\/pages\/14"}],"wp:attachment":[{"href":"https:\/\/www.aegois.com\/site\/wp-json\/wp\/v2\/media?parent=56"}],"curies":[{"name":"wp","href":"https:\/\/api.w.org\/{rel}","templated":true}]}}