{"id":7,"date":"2024-09-14T13:48:21","date_gmt":"2024-09-14T12:48:21","guid":{"rendered":"http:\/\/www.aegois.com\/site\/?page_id=7"},"modified":"2024-09-14T16:14:34","modified_gmt":"2024-09-14T15:14:34","slug":"contactos","status":"publish","type":"page","link":"https:\/\/www.aegois.com\/site\/contactos\/","title":{"rendered":"Contactos"},"content":{"rendered":"<p style=\"text-align: left;\"><strong>AGRUPAMENTO DE ESCOLAS DE G\u00d3IS<br \/>\n<\/strong><\/p>\n<p style=\"text-align: left;\"><strong>Escola B\u00e1sica de G\u00f3is<\/strong><\/p>\n<p><strong>Morada<\/strong>: E.B. de G\u00f3is,<br \/>\nAv. Lu\u00eds de Cam\u00f5es,<br \/>\n3330 &#8211; 334 G\u00f3is.<br \/>\n<strong>Telefone<\/strong>: 235 770150<\/p>\n<p><strong>Fax:<\/strong> 235 772341<\/p>\n<p style=\"text-align: left;\"><strong>E-mail:<\/strong><\/p>\n<p style=\"text-align: left;\">direcao@aegois.com<br \/>\ngeraleb23gois@gmail.com<\/p>\n<p>&nbsp;<\/p>\n<p><strong>Escola B\u00e1sica Anselmo dos Santos Ferreira &#8211; Alvares<\/strong><\/p>\n<p><strong>Telefone<\/strong>: 235581068<\/p>\n<p>&nbsp;<\/p>\n<p><strong>Escola B\u00e1sica de Vila Nova do Ceira<\/strong><\/p>\n<p><strong>Telefone:<\/strong> 235778971<\/p>\n<p>&nbsp;<\/p>\n<p><strong>Educa\u00e7\u00e3o Pr\u00e9-Escolar de Vila Nova do Ceira<\/strong><\/p>\n<p><strong>Telefone:<\/strong> 235778927<\/p>\n<p>&nbsp;<\/p>\n","protected":false},"excerpt":{"rendered":"<p>AGRUPAMENTO DE ESCOLAS DE G\u00d3IS Escola B\u00e1sica de G\u00f3is Morada: E.B. de G\u00f3is, Av. Lu\u00eds de Cam\u00f5es, 3330 &#8211; 334 G\u00f3is. Telefone: 235 770150 Fax: 235 772341 E-mail: direcao@aegois.com geraleb23gois@gmail.com &nbsp; Escola B\u00e1sica Anselmo dos Santos Ferreira &#8211; Alvares Telefone:&hellip; <\/p>\n","protected":false},"author":2,"featured_media":0,"parent":0,"menu_order":0,"comment_status":"closed","ping_status":"closed","template":"","meta":{"footnotes":""},"class_list":["post-7","page","type-page","status-publish","hentry"],"_links":{"self":[{"href":"https:\/\/www.aegois.com\/site\/wp-json\/wp\/v2\/pages\/7","targetHints":{"allow":["GET"]}}],"collection":[{"href":"https:\/\/www.aegois.com\/site\/wp-json\/wp\/v2\/pages"}],"about":[{"href":"https:\/\/www.aegois.com\/site\/wp-json\/wp\/v2\/types\/page"}],"author":[{"embeddable":true,"href":"https:\/\/www.aegois.com\/site\/wp-json\/wp\/v2\/users\/2"}],"replies":[{"embeddable":true,"href":"https:\/\/www.aegois.com\/site\/wp-json\/wp\/v2\/comments?post=7"}],"version-history":[{"count":13,"href":"https:\/\/www.aegois.com\/site\/wp-json\/wp\/v2\/pages\/7\/revisions"}],"predecessor-version":[{"id":5633,"href":"https:\/\/www.aegois.com\/site\/wp-json\/wp\/v2\/pages\/7\/revisions\/5633"}],"wp:attachment":[{"href":"https:\/\/www.aegois.com\/site\/wp-json\/wp\/v2\/media?parent=7"}],"curies":[{"name":"wp","href":"https:\/\/api.w.org\/{rel}","templated":true}]}}