{"id":70,"date":"2025-05-20T15:29:11","date_gmt":"2025-05-20T14:29:11","guid":{"rendered":"http:\/\/www.aegois.com\/site\/?page_id=70"},"modified":"2025-12-06T17:50:38","modified_gmt":"2025-12-06T17:50:38","slug":"planta-de-enquadramento","status":"publish","type":"page","link":"https:\/\/www.aegois.com\/site\/projetos-e-clubes\/projeto-de-seguranca\/planta-de-enquadramento\/","title":{"rendered":"Plantas de Enquadramento \/ Planta de Evacua\u00e7\u00e3o"},"content":{"rendered":"<p><strong>ESCOLA B\u00c1SICA DE G\u00d3IS<\/strong><\/p>\n<p><strong>1\u00ba CICLO E EDUCA\u00c7\u00c3O PR\u00c9-ESCOLAR DE G\u00d3IS<\/strong><\/p>\n<p><strong>PISO 0<\/strong><\/p>\n<p><img loading=\"lazy\" decoding=\"async\" class=\"alignnone wp-image-6168\" src=\"https:\/\/www.aegois.com\/site\/wp-content\/uploads\/2025\/12\/GOIS-Plano-de-Prevencao-e-Emergencia_Pagina_19-300x225.jpg\" alt=\"\" width=\"652\" height=\"489\" srcset=\"https:\/\/www.aegois.com\/site\/wp-content\/uploads\/2025\/12\/GOIS-Plano-de-Prevencao-e-Emergencia_Pagina_19-300x225.jpg 300w, https:\/\/www.aegois.com\/site\/wp-content\/uploads\/2025\/12\/GOIS-Plano-de-Prevencao-e-Emergencia_Pagina_19-1024x768.jpg 1024w, https:\/\/www.aegois.com\/site\/wp-content\/uploads\/2025\/12\/GOIS-Plano-de-Prevencao-e-Emergencia_Pagina_19-768x576.jpg 768w, https:\/\/www.aegois.com\/site\/wp-content\/uploads\/2025\/12\/GOIS-Plano-de-Prevencao-e-Emergencia_Pagina_19-1536x1152.jpg 1536w, https:\/\/www.aegois.com\/site\/wp-content\/uploads\/2025\/12\/GOIS-Plano-de-Prevencao-e-Emergencia_Pagina_19-2048x1536.jpg 2048w\" sizes=\"auto, (max-width: 652px) 100vw, 652px\" \/><\/p>\n<p>&nbsp;<\/p>\n<p><strong>PISO 1<\/strong><\/p>\n<p><img loading=\"lazy\" decoding=\"async\" class=\"alignnone wp-image-6169\" src=\"https:\/\/www.aegois.com\/site\/wp-content\/uploads\/2025\/12\/GOIS-Plano-de-Prevencao-e-Emergencia_Pagina_16-300x225.jpg\" alt=\"\" width=\"607\" height=\"455\" srcset=\"https:\/\/www.aegois.com\/site\/wp-content\/uploads\/2025\/12\/GOIS-Plano-de-Prevencao-e-Emergencia_Pagina_16-300x225.jpg 300w, https:\/\/www.aegois.com\/site\/wp-content\/uploads\/2025\/12\/GOIS-Plano-de-Prevencao-e-Emergencia_Pagina_16-1024x768.jpg 1024w, https:\/\/www.aegois.com\/site\/wp-content\/uploads\/2025\/12\/GOIS-Plano-de-Prevencao-e-Emergencia_Pagina_16-768x576.jpg 768w, https:\/\/www.aegois.com\/site\/wp-content\/uploads\/2025\/12\/GOIS-Plano-de-Prevencao-e-Emergencia_Pagina_16-1536x1152.jpg 1536w, https:\/\/www.aegois.com\/site\/wp-content\/uploads\/2025\/12\/GOIS-Plano-de-Prevencao-e-Emergencia_Pagina_16-2048x1536.jpg 2048w\" sizes=\"auto, (max-width: 607px) 100vw, 607px\" \/><\/p>\n<p>&nbsp;<\/p>\n<p><strong>EDIF\u00cdCIO DOS 2\u00ba e 3\u00ba CICLOS \u2013 PISO 0<\/strong><\/p>\n<p><img loading=\"lazy\" decoding=\"async\" class=\"alignnone wp-image-6166\" src=\"https:\/\/www.aegois.com\/site\/wp-content\/uploads\/2025\/12\/GOIS-Plano-de-Prevencao-e-Emergencia_Pagina_29-300x225.jpg\" alt=\"\" width=\"660\" height=\"495\" srcset=\"https:\/\/www.aegois.com\/site\/wp-content\/uploads\/2025\/12\/GOIS-Plano-de-Prevencao-e-Emergencia_Pagina_29-300x225.jpg 300w, https:\/\/www.aegois.com\/site\/wp-content\/uploads\/2025\/12\/GOIS-Plano-de-Prevencao-e-Emergencia_Pagina_29-1024x768.jpg 1024w, https:\/\/www.aegois.com\/site\/wp-content\/uploads\/2025\/12\/GOIS-Plano-de-Prevencao-e-Emergencia_Pagina_29-768x576.jpg 768w, https:\/\/www.aegois.com\/site\/wp-content\/uploads\/2025\/12\/GOIS-Plano-de-Prevencao-e-Emergencia_Pagina_29-1536x1152.jpg 1536w, https:\/\/www.aegois.com\/site\/wp-content\/uploads\/2025\/12\/GOIS-Plano-de-Prevencao-e-Emergencia_Pagina_29-2048x1536.jpg 2048w\" sizes=\"auto, (max-width: 660px) 100vw, 660px\" \/><\/p>\n<p>&nbsp;<\/p>\n<p><strong>EDIF\u00cdCIO DOS 2\u00ba e 3\u00ba CICLOS \u2013 PISO 1<\/strong><\/p>\n<p><img loading=\"lazy\" decoding=\"async\" class=\"alignnone wp-image-6167\" src=\"https:\/\/www.aegois.com\/site\/wp-content\/uploads\/2025\/12\/GOIS-Plano-de-Prevencao-e-Emergencia_Pagina_22-300x225.jpg\" alt=\"\" width=\"679\" height=\"509\" srcset=\"https:\/\/www.aegois.com\/site\/wp-content\/uploads\/2025\/12\/GOIS-Plano-de-Prevencao-e-Emergencia_Pagina_22-300x225.jpg 300w, https:\/\/www.aegois.com\/site\/wp-content\/uploads\/2025\/12\/GOIS-Plano-de-Prevencao-e-Emergencia_Pagina_22-1024x768.jpg 1024w, https:\/\/www.aegois.com\/site\/wp-content\/uploads\/2025\/12\/GOIS-Plano-de-Prevencao-e-Emergencia_Pagina_22-768x576.jpg 768w, https:\/\/www.aegois.com\/site\/wp-content\/uploads\/2025\/12\/GOIS-Plano-de-Prevencao-e-Emergencia_Pagina_22-1536x1152.jpg 1536w, https:\/\/www.aegois.com\/site\/wp-content\/uploads\/2025\/12\/GOIS-Plano-de-Prevencao-e-Emergencia_Pagina_22-2048x1536.jpg 2048w\" sizes=\"auto, (max-width: 679px) 100vw, 679px\" \/><\/p>\n<p>&nbsp;<\/p>\n<p><strong>PONTO DE ENCONTRO &#8211; CAMPO DE JOGOS<\/strong><\/p>\n<p><img loading=\"lazy\" decoding=\"async\" class=\"alignnone wp-image-6165\" src=\"https:\/\/www.aegois.com\/site\/wp-content\/uploads\/2025\/12\/GOIS-Plano-de-Prevencao-e-Emergencia_Pagina_30-300x225.jpg\" alt=\"\" width=\"667\" height=\"500\" srcset=\"https:\/\/www.aegois.com\/site\/wp-content\/uploads\/2025\/12\/GOIS-Plano-de-Prevencao-e-Emergencia_Pagina_30-300x225.jpg 300w, https:\/\/www.aegois.com\/site\/wp-content\/uploads\/2025\/12\/GOIS-Plano-de-Prevencao-e-Emergencia_Pagina_30-1024x768.jpg 1024w, https:\/\/www.aegois.com\/site\/wp-content\/uploads\/2025\/12\/GOIS-Plano-de-Prevencao-e-Emergencia_Pagina_30-768x576.jpg 768w, https:\/\/www.aegois.com\/site\/wp-content\/uploads\/2025\/12\/GOIS-Plano-de-Prevencao-e-Emergencia_Pagina_30-1536x1152.jpg 1536w, https:\/\/www.aegois.com\/site\/wp-content\/uploads\/2025\/12\/GOIS-Plano-de-Prevencao-e-Emergencia_Pagina_30-2048x1536.jpg 2048w\" sizes=\"auto, (max-width: 667px) 100vw, 667px\" \/><\/p>\n<p>&nbsp;<\/p>\n","protected":false},"excerpt":{"rendered":"<p>ESCOLA B\u00c1SICA DE G\u00d3IS 1\u00ba CICLO E EDUCA\u00c7\u00c3O PR\u00c9-ESCOLAR DE G\u00d3IS PISO 0 &nbsp; PISO 1 &nbsp; EDIF\u00cdCIO DOS 2\u00ba e 3\u00ba CICLOS \u2013 PISO 0 &nbsp; EDIF\u00cdCIO DOS 2\u00ba e 3\u00ba CICLOS \u2013 PISO 1 &nbsp; PONTO DE ENCONTRO&hellip; <\/p>\n","protected":false},"author":2,"featured_media":0,"parent":66,"menu_order":0,"comment_status":"closed","ping_status":"closed","template":"","meta":{"footnotes":""},"class_list":["post-70","page","type-page","status-publish","hentry"],"_links":{"self":[{"href":"https:\/\/www.aegois.com\/site\/wp-json\/wp\/v2\/pages\/70","targetHints":{"allow":["GET"]}}],"collection":[{"href":"https:\/\/www.aegois.com\/site\/wp-json\/wp\/v2\/pages"}],"about":[{"href":"https:\/\/www.aegois.com\/site\/wp-json\/wp\/v2\/types\/page"}],"author":[{"embeddable":true,"href":"https:\/\/www.aegois.com\/site\/wp-json\/wp\/v2\/users\/2"}],"replies":[{"embeddable":true,"href":"https:\/\/www.aegois.com\/site\/wp-json\/wp\/v2\/comments?post=70"}],"version-history":[{"count":8,"href":"https:\/\/www.aegois.com\/site\/wp-json\/wp\/v2\/pages\/70\/revisions"}],"predecessor-version":[{"id":6170,"href":"https:\/\/www.aegois.com\/site\/wp-json\/wp\/v2\/pages\/70\/revisions\/6170"}],"up":[{"embeddable":true,"href":"https:\/\/www.aegois.com\/site\/wp-json\/wp\/v2\/pages\/66"}],"wp:attachment":[{"href":"https:\/\/www.aegois.com\/site\/wp-json\/wp\/v2\/media?parent=70"}],"curies":[{"name":"wp","href":"https:\/\/api.w.org\/{rel}","templated":true}]}}