{"id":84,"date":"2016-08-26T18:50:37","date_gmt":"2016-08-26T17:50:37","guid":{"rendered":"http:\/\/www.aegois.com\/site\/?page_id=84"},"modified":"2016-08-26T18:51:12","modified_gmt":"2016-08-26T17:51:12","slug":"expressoes","status":"publish","type":"page","link":"https:\/\/www.aegois.com\/site\/professores\/departamentos\/expressoes\/","title":{"rendered":"Express\u00f5es"},"content":{"rendered":"<p>Este Departamento \u00e9 constitu\u00eddo pelos docentes dos Grupos de Recrutamento:<\/p>\n<p>240 &#8211; Educa\u00e7\u00e3o Visual e Tecnol\u00f3gica<\/p>\n<p>250 &#8211; Educa\u00e7\u00e3o Musical<\/p>\n<p>260 &#8211; Educa\u00e7\u00e3o F\u00edsica<\/p>\n<p>600 &#8211; Artes Visuais<\/p>\n<p>620 &#8211; Educa\u00e7\u00e3o F\u00edsica<\/p>\n<p>910 &#8211; Educa\u00e7\u00e3o Especial 1<\/p>\n","protected":false},"excerpt":{"rendered":"<p>Este Departamento \u00e9 constitu\u00eddo pelos docentes dos Grupos de Recrutamento: 240 &#8211; Educa\u00e7\u00e3o Visual e Tecnol\u00f3gica 250 &#8211; Educa\u00e7\u00e3o Musical 260 &#8211; Educa\u00e7\u00e3o F\u00edsica 600 &#8211; Artes Visuais 620 &#8211; Educa\u00e7\u00e3o F\u00edsica 910 &#8211; Educa\u00e7\u00e3o Especial 1<\/p>\n","protected":false},"author":2,"featured_media":0,"parent":78,"menu_order":0,"comment_status":"closed","ping_status":"closed","template":"","meta":{"footnotes":""},"class_list":["post-84","page","type-page","status-publish","hentry"],"_links":{"self":[{"href":"https:\/\/www.aegois.com\/site\/wp-json\/wp\/v2\/pages\/84","targetHints":{"allow":["GET"]}}],"collection":[{"href":"https:\/\/www.aegois.com\/site\/wp-json\/wp\/v2\/pages"}],"about":[{"href":"https:\/\/www.aegois.com\/site\/wp-json\/wp\/v2\/types\/page"}],"author":[{"embeddable":true,"href":"https:\/\/www.aegois.com\/site\/wp-json\/wp\/v2\/users\/2"}],"replies":[{"embeddable":true,"href":"https:\/\/www.aegois.com\/site\/wp-json\/wp\/v2\/comments?post=84"}],"version-history":[{"count":3,"href":"https:\/\/www.aegois.com\/site\/wp-json\/wp\/v2\/pages\/84\/revisions"}],"predecessor-version":[{"id":1348,"href":"https:\/\/www.aegois.com\/site\/wp-json\/wp\/v2\/pages\/84\/revisions\/1348"}],"up":[{"embeddable":true,"href":"https:\/\/www.aegois.com\/site\/wp-json\/wp\/v2\/pages\/78"}],"wp:attachment":[{"href":"https:\/\/www.aegois.com\/site\/wp-json\/wp\/v2\/media?parent=84"}],"curies":[{"name":"wp","href":"https:\/\/api.w.org\/{rel}","templated":true}]}}