{"id":86,"date":"2020-08-26T18:53:49","date_gmt":"2020-08-26T17:53:49","guid":{"rendered":"http:\/\/www.aegois.com\/site\/?page_id=86"},"modified":"2020-12-25T14:58:25","modified_gmt":"2020-12-25T14:58:25","slug":"linguas","status":"publish","type":"page","link":"https:\/\/www.aegois.com\/site\/professores\/departamentos\/linguas\/","title":{"rendered":"L\u00ednguas"},"content":{"rendered":"<p>Este Departamento \u00e9 constitu\u00eddo pelos docentes dos Grupos de Recrutamento:<\/p>\n<p>220 &#8211; Portugu\u00eas e Ingl\u00eas<\/p>\n<p>300 &#8211; Portugu\u00eas<\/p>\n<p>330 &#8211; Ingl\u00eas<\/p>\n<p>&nbsp;<\/p>\n","protected":false},"excerpt":{"rendered":"<p>Este Departamento \u00e9 constitu\u00eddo pelos docentes dos Grupos de Recrutamento: 220 &#8211; Portugu\u00eas e Ingl\u00eas 300 &#8211; Portugu\u00eas 330 &#8211; Ingl\u00eas &nbsp;<\/p>\n","protected":false},"author":2,"featured_media":0,"parent":78,"menu_order":0,"comment_status":"closed","ping_status":"closed","template":"","meta":{"footnotes":""},"class_list":["post-86","page","type-page","status-publish","hentry"],"_links":{"self":[{"href":"https:\/\/www.aegois.com\/site\/wp-json\/wp\/v2\/pages\/86","targetHints":{"allow":["GET"]}}],"collection":[{"href":"https:\/\/www.aegois.com\/site\/wp-json\/wp\/v2\/pages"}],"about":[{"href":"https:\/\/www.aegois.com\/site\/wp-json\/wp\/v2\/types\/page"}],"author":[{"embeddable":true,"href":"https:\/\/www.aegois.com\/site\/wp-json\/wp\/v2\/users\/2"}],"replies":[{"embeddable":true,"href":"https:\/\/www.aegois.com\/site\/wp-json\/wp\/v2\/comments?post=86"}],"version-history":[{"count":4,"href":"https:\/\/www.aegois.com\/site\/wp-json\/wp\/v2\/pages\/86\/revisions"}],"predecessor-version":[{"id":3406,"href":"https:\/\/www.aegois.com\/site\/wp-json\/wp\/v2\/pages\/86\/revisions\/3406"}],"up":[{"embeddable":true,"href":"https:\/\/www.aegois.com\/site\/wp-json\/wp\/v2\/pages\/78"}],"wp:attachment":[{"href":"https:\/\/www.aegois.com\/site\/wp-json\/wp\/v2\/media?parent=86"}],"curies":[{"name":"wp","href":"https:\/\/api.w.org\/{rel}","templated":true}]}}