{"id":88,"date":"2016-08-26T18:56:15","date_gmt":"2016-08-26T17:56:15","guid":{"rendered":"http:\/\/www.aegois.com\/site\/?page_id=88"},"modified":"2016-08-26T18:57:00","modified_gmt":"2016-08-26T17:57:00","slug":"matematica-e-ciencias-experimentais","status":"publish","type":"page","link":"https:\/\/www.aegois.com\/site\/professores\/departamentos\/matematica-e-ciencias-experimentais\/","title":{"rendered":"Matem\u00e1tica e Ci\u00eancias Experimentais"},"content":{"rendered":"<p>Este Departamento \u00e9 constitu\u00eddo pelos docentes dos Grupos de Recrutamento:<\/p>\n<p>230 &#8211; Matem\u00e1tica e Ci\u00eancias da Natureza<\/p>\n<p>500 &#8211; Matem\u00e1tica<\/p>\n<p>510 &#8211; F\u00edsica e Qu\u00edmica<\/p>\n<p>520 &#8211; Biologia e Geologia<\/p>\n<p>550 &#8211; Inform\u00e1tica<\/p>\n<p>&nbsp;<\/p>\n","protected":false},"excerpt":{"rendered":"<p>Este Departamento \u00e9 constitu\u00eddo pelos docentes dos Grupos de Recrutamento: 230 &#8211; Matem\u00e1tica e Ci\u00eancias da Natureza 500 &#8211; Matem\u00e1tica 510 &#8211; F\u00edsica e Qu\u00edmica 520 &#8211; Biologia e Geologia 550 &#8211; Inform\u00e1tica &nbsp;<\/p>\n","protected":false},"author":2,"featured_media":0,"parent":78,"menu_order":0,"comment_status":"closed","ping_status":"closed","template":"","meta":{"footnotes":""},"class_list":["post-88","page","type-page","status-publish","hentry"],"_links":{"self":[{"href":"https:\/\/www.aegois.com\/site\/wp-json\/wp\/v2\/pages\/88","targetHints":{"allow":["GET"]}}],"collection":[{"href":"https:\/\/www.aegois.com\/site\/wp-json\/wp\/v2\/pages"}],"about":[{"href":"https:\/\/www.aegois.com\/site\/wp-json\/wp\/v2\/types\/page"}],"author":[{"embeddable":true,"href":"https:\/\/www.aegois.com\/site\/wp-json\/wp\/v2\/users\/2"}],"replies":[{"embeddable":true,"href":"https:\/\/www.aegois.com\/site\/wp-json\/wp\/v2\/comments?post=88"}],"version-history":[{"count":3,"href":"https:\/\/www.aegois.com\/site\/wp-json\/wp\/v2\/pages\/88\/revisions"}],"predecessor-version":[{"id":1352,"href":"https:\/\/www.aegois.com\/site\/wp-json\/wp\/v2\/pages\/88\/revisions\/1352"}],"up":[{"embeddable":true,"href":"https:\/\/www.aegois.com\/site\/wp-json\/wp\/v2\/pages\/78"}],"wp:attachment":[{"href":"https:\/\/www.aegois.com\/site\/wp-json\/wp\/v2\/media?parent=88"}],"curies":[{"name":"wp","href":"https:\/\/api.w.org\/{rel}","templated":true}]}}