{"id":92,"date":"2023-10-27T19:37:29","date_gmt":"2023-10-27T18:37:29","guid":{"rendered":"http:\/\/www.aegois.com\/site\/?page_id=92"},"modified":"2023-11-12T13:28:32","modified_gmt":"2023-11-12T13:28:32","slug":"impressos","status":"publish","type":"page","link":"https:\/\/www.aegois.com\/site\/professores\/avaliacao-de-desempenho-docente\/impressos\/","title":{"rendered":"Impressos"},"content":{"rendered":"<p>Documenta\u00e7\u00e3o:<\/p>\n<p><strong><a href=\"https:\/\/www.aegois.com\/site\/wp-content\/uploads\/2023\/11\/Calendarizacao-da-ADD.pdf\">Calendariza\u00e7\u00e3o da ADD &#8211; 2023-2024<\/a><\/strong><\/p>\n<p><strong><a href=\"https:\/\/www.aegois.com\/site\/wp-content\/uploads\/2023\/11\/Calendarizacao-da-ADD-Ponderacao-Curricular.pdf\">Calendariza\u00e7\u00e3o da ADD &#8211; Pondera\u00e7\u00e3o Curricular &#8211; 2023-2024<\/a><\/strong><\/p>\n<p><strong><a href=\"https:\/\/www.aegois.com\/site\/wp-content\/uploads\/2023\/11\/Modelo-do-Projeto-Docente.pdf\">Modelo do Projeto Docente<\/a><\/strong><\/p>\n<p><strong><a href=\"https:\/\/www.aegois.com\/site\/wp-content\/uploads\/2016\/07\/Requerimento_observacao_aulas.pdf\">Requerimento de Solicita\u00e7\u00e3o de Observa\u00e7\u00e3o de Aulas<\/a><\/strong><\/p>\n","protected":false},"excerpt":{"rendered":"<p>Documenta\u00e7\u00e3o: Calendariza\u00e7\u00e3o da ADD &#8211; 2023-2024 Calendariza\u00e7\u00e3o da ADD &#8211; Pondera\u00e7\u00e3o Curricular &#8211; 2023-2024 Modelo do Projeto Docente Requerimento de Solicita\u00e7\u00e3o de Observa\u00e7\u00e3o de Aulas<\/p>\n","protected":false},"author":2,"featured_media":0,"parent":90,"menu_order":0,"comment_status":"closed","ping_status":"closed","template":"","meta":{"footnotes":""},"class_list":["post-92","page","type-page","status-publish","hentry"],"_links":{"self":[{"href":"https:\/\/www.aegois.com\/site\/wp-json\/wp\/v2\/pages\/92","targetHints":{"allow":["GET"]}}],"collection":[{"href":"https:\/\/www.aegois.com\/site\/wp-json\/wp\/v2\/pages"}],"about":[{"href":"https:\/\/www.aegois.com\/site\/wp-json\/wp\/v2\/types\/page"}],"author":[{"embeddable":true,"href":"https:\/\/www.aegois.com\/site\/wp-json\/wp\/v2\/users\/2"}],"replies":[{"embeddable":true,"href":"https:\/\/www.aegois.com\/site\/wp-json\/wp\/v2\/comments?post=92"}],"version-history":[{"count":6,"href":"https:\/\/www.aegois.com\/site\/wp-json\/wp\/v2\/pages\/92\/revisions"}],"predecessor-version":[{"id":5214,"href":"https:\/\/www.aegois.com\/site\/wp-json\/wp\/v2\/pages\/92\/revisions\/5214"}],"up":[{"embeddable":true,"href":"https:\/\/www.aegois.com\/site\/wp-json\/wp\/v2\/pages\/90"}],"wp:attachment":[{"href":"https:\/\/www.aegois.com\/site\/wp-json\/wp\/v2\/media?parent=92"}],"curies":[{"name":"wp","href":"https:\/\/api.w.org\/{rel}","templated":true}]}}